{"id":279,"date":"2013-12-23T18:00:29","date_gmt":"2013-12-23T17:00:29","guid":{"rendered":"http:\/\/www.gemesipreparator.hu\/?page_id=279"},"modified":"2013-12-27T10:48:34","modified_gmt":"2013-12-27T09:48:34","slug":"trophies","status":"publish","type":"page","link":"https:\/\/www.gemesipreparator.hu\/en\/gallery\/trophies\/","title":{"rendered":"Trophies"},"content":{"rendered":"\r\n<div class=\"ngg-galleryoverview\" id=\"ngg-gallery-5-279\">\r\n\r\n\r\n\t\r\n\t<!-- Thumbnails -->\r\n\t\t\r\n\t<div id=\"ngg-image-377\" class=\"ngg-gallery-thumbnail-box\"  >\r\n\t\t<div class=\"ngg-gallery-thumbnail\" >\r\n\t\t\t<a href=\"https:\/\/www.gemesipreparator.hu\/files\/trofeak\/img_9945rks.jpg\" title=\" \" rel='gallery_[set_5]' >\r\n\t\t\t\t\t\t\t\t<img loading=\"lazy\" decoding=\"async\" title=\"img_9945rks\" alt=\"img_9945rks\" src=\"https:\/\/www.gemesipreparator.hu\/files\/trofeak\/thumbs\/thumbs_img_9945rks.jpg\" width=\"120\" height=\"90\" \/>\r\n\t\t\t\t\t\t\t<\/a>\r\n\t\t<\/div>\r\n\t<\/div>\r\n\t\r\n\t\t\r\n \t\t\r\n\t<div id=\"ngg-image-393\" class=\"ngg-gallery-thumbnail-box\"  >\r\n\t\t<div class=\"ngg-gallery-thumbnail\" >\r\n\t\t\t<a href=\"https:\/\/www.gemesipreparator.hu\/files\/trofeak\/image_03.jpg\" title=\" \" rel='gallery_[set_5]' >\r\n\t\t\t\t\t\t\t\t<img loading=\"lazy\" decoding=\"async\" title=\"image_03\" alt=\"image_03\" src=\"https:\/\/www.gemesipreparator.hu\/files\/trofeak\/thumbs\/thumbs_image_03.jpg\" width=\"120\" height=\"90\" \/>\r\n\t\t\t\t\t\t\t<\/a>\r\n\t\t<\/div>\r\n\t<\/div>\r\n\t\r\n\t\t\r\n \t\t\r\n\t<div id=\"ngg-image-394\" class=\"ngg-gallery-thumbnail-box\"  >\r\n\t\t<div class=\"ngg-gallery-thumbnail\" >\r\n\t\t\t<a href=\"https:\/\/www.gemesipreparator.hu\/files\/trofeak\/image_04.jpg\" title=\" \" rel='gallery_[set_5]' >\r\n\t\t\t\t\t\t\t\t<img loading=\"lazy\" decoding=\"async\" title=\"image_04\" alt=\"image_04\" src=\"https:\/\/www.gemesipreparator.hu\/files\/trofeak\/thumbs\/thumbs_image_04.jpg\" width=\"120\" height=\"90\" \/>\r\n\t\t\t\t\t\t\t<\/a>\r\n\t\t<\/div>\r\n\t<\/div>\r\n\t\r\n\t\t\r\n \t\t\r\n\t<div id=\"ngg-image-395\" class=\"ngg-gallery-thumbnail-box\"  >\r\n\t\t<div class=\"ngg-gallery-thumbnail\" >\r\n\t\t\t<a href=\"https:\/\/www.gemesipreparator.hu\/files\/trofeak\/image_08.jpg\" title=\" \" rel='gallery_[set_5]' >\r\n\t\t\t\t\t\t\t\t<img loading=\"lazy\" decoding=\"async\" title=\"image_08\" alt=\"image_08\" src=\"https:\/\/www.gemesipreparator.hu\/files\/trofeak\/thumbs\/thumbs_image_08.jpg\" width=\"120\" height=\"90\" \/>\r\n\t\t\t\t\t\t\t<\/a>\r\n\t\t<\/div>\r\n\t<\/div>\r\n\t\r\n\t\t\r\n \t\t\r\n\t<div id=\"ngg-image-396\" class=\"ngg-gallery-thumbnail-box\"  >\r\n\t\t<div class=\"ngg-gallery-thumbnail\" >\r\n\t\t\t<a href=\"https:\/\/www.gemesipreparator.hu\/files\/trofeak\/image_13.jpg\" title=\" \" rel='gallery_[set_5]' >\r\n\t\t\t\t\t\t\t\t<img loading=\"lazy\" decoding=\"async\" title=\"image_13\" alt=\"image_13\" src=\"https:\/\/www.gemesipreparator.hu\/files\/trofeak\/thumbs\/thumbs_image_13.jpg\" width=\"120\" height=\"90\" \/>\r\n\t\t\t\t\t\t\t<\/a>\r\n\t\t<\/div>\r\n\t<\/div>\r\n\t\r\n\t\t\r\n \t\t\r\n\t<div id=\"ngg-image-397\" class=\"ngg-gallery-thumbnail-box\"  >\r\n\t\t<div class=\"ngg-gallery-thumbnail\" >\r\n\t\t\t<a href=\"https:\/\/www.gemesipreparator.hu\/files\/trofeak\/image_16.jpg\" title=\" \" rel='gallery_[set_5]' >\r\n\t\t\t\t\t\t\t\t<img loading=\"lazy\" decoding=\"async\" title=\"image_16\" alt=\"image_16\" src=\"https:\/\/www.gemesipreparator.hu\/files\/trofeak\/thumbs\/thumbs_image_16.jpg\" width=\"120\" height=\"90\" \/>\r\n\t\t\t\t\t\t\t<\/a>\r\n\t\t<\/div>\r\n\t<\/div>\r\n\t\r\n\t\t\r\n \t \t\r\n\t<!-- Pagination -->\r\n \t<div class=\"ngg-clear\"><\/div> \t\r\n<\/div>\r\n\r\n\n","protected":false},"excerpt":{"rendered":"","protected":false},"author":1,"featured_media":412,"parent":213,"menu_order":30,"comment_status":"open","ping_status":"closed","template":"","meta":{"footnotes":""},"class_list":["post-279","page","type-page","status-publish","has-post-thumbnail","hentry"],"yoast_head":"<!-- This site is optimized with the Yoast SEO plugin v26.7 - https:\/\/yoast.com\/wordpress\/plugins\/seo\/ -->\n<title>prepar\u00e1tor \u00bb eml\u0151s, mad\u00e1r, h\u00fcll\u0151 \u00bb G\u00e9mesi Tam\u00e1s<\/title>\n<meta name=\"description\" content=\"Prepar\u00e1l\u00e1si palett\u00e1m rendk\u00edv\u00fcl gazdag \u00e9s v\u00e1ltozatos: a hazai \u00e9s az afrikai tr\u00f3fe\u00e1kon, h\u00fcll\u0151k\u00f6n \u00e1t az egyedi technol\u00f3gi\u00e1val k\u00e9sz\u00fclt tr\u00f3feam\u00e1solatokig terjed.\" \/>\n<meta name=\"robots\" content=\"index, follow, max-snippet:-1, max-image-preview:large, max-video-preview:-1\" \/>\n<link rel=\"canonical\" href=\"https:\/\/www.gemesipreparator.hu\/galeriak\/trofeak\/\" \/>\n<meta property=\"og:locale\" content=\"en_US\" \/>\n<meta property=\"og:type\" content=\"article\" \/>\n<meta property=\"og:title\" content=\"prepar\u00e1tor \u00bb eml\u0151s, mad\u00e1r, h\u00fcll\u0151 \u00bb G\u00e9mesi Tam\u00e1s\" \/>\n<meta property=\"og:description\" content=\"Prepar\u00e1l\u00e1si palett\u00e1m rendk\u00edv\u00fcl gazdag \u00e9s v\u00e1ltozatos: a hazai \u00e9s az afrikai tr\u00f3fe\u00e1kon, h\u00fcll\u0151k\u00f6n \u00e1t az egyedi technol\u00f3gi\u00e1val k\u00e9sz\u00fclt tr\u00f3feam\u00e1solatokig terjed.\" \/>\n<meta property=\"og:url\" content=\"https:\/\/www.gemesipreparator.hu\/galeriak\/trofeak\/\" \/>\n<meta property=\"og:site_name\" content=\"G\u00e9mesi Tam\u00e1s prepar\u00e1tor\" \/>\n<meta property=\"article:modified_time\" content=\"2013-12-27T09:48:34+00:00\" \/>\n<meta property=\"og:image\" content=\"https:\/\/www.gemesipreparator.hu\/files\/trofeak.jpg\" \/>\n\t<meta property=\"og:image:width\" content=\"451\" \/>\n\t<meta property=\"og:image:height\" content=\"347\" \/>\n\t<meta property=\"og:image:type\" content=\"image\/jpeg\" \/>\n<script type=\"application\/ld+json\" class=\"yoast-schema-graph\">{\"@context\":\"https:\/\/schema.org\",\"@graph\":[{\"@type\":\"WebPage\",\"@id\":\"https:\/\/www.gemesipreparator.hu\/galeriak\/trofeak\/\",\"url\":\"https:\/\/www.gemesipreparator.hu\/galeriak\/trofeak\/\",\"name\":\"prepar\u00e1tor \u00bb eml\u0151s, mad\u00e1r, h\u00fcll\u0151 \u00bb G\u00e9mesi Tam\u00e1s\",\"isPartOf\":{\"@id\":\"https:\/\/www.gemesipreparator.hu\/#website\"},\"primaryImageOfPage\":{\"@id\":\"https:\/\/www.gemesipreparator.hu\/galeriak\/trofeak\/#primaryimage\"},\"image\":{\"@id\":\"https:\/\/www.gemesipreparator.hu\/galeriak\/trofeak\/#primaryimage\"},\"thumbnailUrl\":\"https:\/\/www.gemesipreparator.hu\/files\/trofeak.jpg\",\"datePublished\":\"2013-12-23T17:00:29+00:00\",\"dateModified\":\"2013-12-27T09:48:34+00:00\",\"description\":\"Prepar\u00e1l\u00e1si palett\u00e1m rendk\u00edv\u00fcl gazdag \u00e9s v\u00e1ltozatos: a hazai \u00e9s az afrikai tr\u00f3fe\u00e1kon, h\u00fcll\u0151k\u00f6n \u00e1t az egyedi technol\u00f3gi\u00e1val k\u00e9sz\u00fclt tr\u00f3feam\u00e1solatokig terjed.\",\"breadcrumb\":{\"@id\":\"https:\/\/www.gemesipreparator.hu\/galeriak\/trofeak\/#breadcrumb\"},\"inLanguage\":\"en-US\",\"potentialAction\":[{\"@type\":\"ReadAction\",\"target\":[\"https:\/\/www.gemesipreparator.hu\/galeriak\/trofeak\/\"]}]},{\"@type\":\"ImageObject\",\"inLanguage\":\"en-US\",\"@id\":\"https:\/\/www.gemesipreparator.hu\/galeriak\/trofeak\/#primaryimage\",\"url\":\"https:\/\/www.gemesipreparator.hu\/files\/trofeak.jpg\",\"contentUrl\":\"https:\/\/www.gemesipreparator.hu\/files\/trofeak.jpg\",\"width\":\"451\",\"height\":\"347\"},{\"@type\":\"BreadcrumbList\",\"@id\":\"https:\/\/www.gemesipreparator.hu\/galeriak\/trofeak\/#breadcrumb\",\"itemListElement\":[{\"@type\":\"ListItem\",\"position\":1,\"name\":\"Kezd\u0151lap\",\"item\":\"https:\/\/www.gemesipreparator.hu\/en\/\"},{\"@type\":\"ListItem\",\"position\":2,\"name\":\"Gallery\",\"item\":\"https:\/\/www.gemesipreparator.hu\/galeriak\/\"},{\"@type\":\"ListItem\",\"position\":3,\"name\":\"Trophies\"}]},{\"@type\":\"WebSite\",\"@id\":\"https:\/\/www.gemesipreparator.hu\/#website\",\"url\":\"https:\/\/www.gemesipreparator.hu\/\",\"name\":\"G\u00e9mesi Tam\u00e1s prepar\u00e1tor\",\"description\":\"Term\u00e9szetes form\u00e1k, min\u0151s\u00e9gi munka...\",\"potentialAction\":[{\"@type\":\"SearchAction\",\"target\":{\"@type\":\"EntryPoint\",\"urlTemplate\":\"https:\/\/www.gemesipreparator.hu\/?s={search_term_string}\"},\"query-input\":{\"@type\":\"PropertyValueSpecification\",\"valueRequired\":true,\"valueName\":\"search_term_string\"}}],\"inLanguage\":\"en-US\"}]}<\/script>\n<!-- \/ Yoast SEO plugin. -->","yoast_head_json":{"title":"prepar\u00e1tor \u00bb eml\u0151s, mad\u00e1r, h\u00fcll\u0151 \u00bb G\u00e9mesi Tam\u00e1s","description":"Prepar\u00e1l\u00e1si palett\u00e1m rendk\u00edv\u00fcl gazdag \u00e9s v\u00e1ltozatos: a hazai \u00e9s az afrikai tr\u00f3fe\u00e1kon, h\u00fcll\u0151k\u00f6n \u00e1t az egyedi technol\u00f3gi\u00e1val k\u00e9sz\u00fclt tr\u00f3feam\u00e1solatokig terjed.","robots":{"index":"index","follow":"follow","max-snippet":"max-snippet:-1","max-image-preview":"max-image-preview:large","max-video-preview":"max-video-preview:-1"},"canonical":"https:\/\/www.gemesipreparator.hu\/galeriak\/trofeak\/","og_locale":"en_US","og_type":"article","og_title":"prepar\u00e1tor \u00bb eml\u0151s, mad\u00e1r, h\u00fcll\u0151 \u00bb G\u00e9mesi Tam\u00e1s","og_description":"Prepar\u00e1l\u00e1si palett\u00e1m rendk\u00edv\u00fcl gazdag \u00e9s v\u00e1ltozatos: a hazai \u00e9s az afrikai tr\u00f3fe\u00e1kon, h\u00fcll\u0151k\u00f6n \u00e1t az egyedi technol\u00f3gi\u00e1val k\u00e9sz\u00fclt tr\u00f3feam\u00e1solatokig terjed.","og_url":"https:\/\/www.gemesipreparator.hu\/galeriak\/trofeak\/","og_site_name":"G\u00e9mesi Tam\u00e1s prepar\u00e1tor","article_modified_time":"2013-12-27T09:48:34+00:00","og_image":[{"width":451,"height":347,"url":"https:\/\/www.gemesipreparator.hu\/files\/trofeak.jpg","type":"image\/jpeg"}],"schema":{"@context":"https:\/\/schema.org","@graph":[{"@type":"WebPage","@id":"https:\/\/www.gemesipreparator.hu\/galeriak\/trofeak\/","url":"https:\/\/www.gemesipreparator.hu\/galeriak\/trofeak\/","name":"prepar\u00e1tor \u00bb eml\u0151s, mad\u00e1r, h\u00fcll\u0151 \u00bb G\u00e9mesi Tam\u00e1s","isPartOf":{"@id":"https:\/\/www.gemesipreparator.hu\/#website"},"primaryImageOfPage":{"@id":"https:\/\/www.gemesipreparator.hu\/galeriak\/trofeak\/#primaryimage"},"image":{"@id":"https:\/\/www.gemesipreparator.hu\/galeriak\/trofeak\/#primaryimage"},"thumbnailUrl":"https:\/\/www.gemesipreparator.hu\/files\/trofeak.jpg","datePublished":"2013-12-23T17:00:29+00:00","dateModified":"2013-12-27T09:48:34+00:00","description":"Prepar\u00e1l\u00e1si palett\u00e1m rendk\u00edv\u00fcl gazdag \u00e9s v\u00e1ltozatos: a hazai \u00e9s az afrikai tr\u00f3fe\u00e1kon, h\u00fcll\u0151k\u00f6n \u00e1t az egyedi technol\u00f3gi\u00e1val k\u00e9sz\u00fclt tr\u00f3feam\u00e1solatokig terjed.","breadcrumb":{"@id":"https:\/\/www.gemesipreparator.hu\/galeriak\/trofeak\/#breadcrumb"},"inLanguage":"en-US","potentialAction":[{"@type":"ReadAction","target":["https:\/\/www.gemesipreparator.hu\/galeriak\/trofeak\/"]}]},{"@type":"ImageObject","inLanguage":"en-US","@id":"https:\/\/www.gemesipreparator.hu\/galeriak\/trofeak\/#primaryimage","url":"https:\/\/www.gemesipreparator.hu\/files\/trofeak.jpg","contentUrl":"https:\/\/www.gemesipreparator.hu\/files\/trofeak.jpg","width":"451","height":"347"},{"@type":"BreadcrumbList","@id":"https:\/\/www.gemesipreparator.hu\/galeriak\/trofeak\/#breadcrumb","itemListElement":[{"@type":"ListItem","position":1,"name":"Kezd\u0151lap","item":"https:\/\/www.gemesipreparator.hu\/en\/"},{"@type":"ListItem","position":2,"name":"Gallery","item":"https:\/\/www.gemesipreparator.hu\/galeriak\/"},{"@type":"ListItem","position":3,"name":"Trophies"}]},{"@type":"WebSite","@id":"https:\/\/www.gemesipreparator.hu\/#website","url":"https:\/\/www.gemesipreparator.hu\/","name":"G\u00e9mesi Tam\u00e1s prepar\u00e1tor","description":"Term\u00e9szetes form\u00e1k, min\u0151s\u00e9gi munka...","potentialAction":[{"@type":"SearchAction","target":{"@type":"EntryPoint","urlTemplate":"https:\/\/www.gemesipreparator.hu\/?s={search_term_string}"},"query-input":{"@type":"PropertyValueSpecification","valueRequired":true,"valueName":"search_term_string"}}],"inLanguage":"en-US"}]}},"_links":{"self":[{"href":"https:\/\/www.gemesipreparator.hu\/en\/wp-json\/wp\/v2\/pages\/279","targetHints":{"allow":["GET"]}}],"collection":[{"href":"https:\/\/www.gemesipreparator.hu\/en\/wp-json\/wp\/v2\/pages"}],"about":[{"href":"https:\/\/www.gemesipreparator.hu\/en\/wp-json\/wp\/v2\/types\/page"}],"author":[{"embeddable":true,"href":"https:\/\/www.gemesipreparator.hu\/en\/wp-json\/wp\/v2\/users\/1"}],"replies":[{"embeddable":true,"href":"https:\/\/www.gemesipreparator.hu\/en\/wp-json\/wp\/v2\/comments?post=279"}],"version-history":[{"count":0,"href":"https:\/\/www.gemesipreparator.hu\/en\/wp-json\/wp\/v2\/pages\/279\/revisions"}],"up":[{"embeddable":true,"href":"https:\/\/www.gemesipreparator.hu\/en\/wp-json\/wp\/v2\/pages\/213"}],"wp:featuredmedia":[{"embeddable":true,"href":"https:\/\/www.gemesipreparator.hu\/en\/wp-json\/wp\/v2\/media\/412"}],"wp:attachment":[{"href":"https:\/\/www.gemesipreparator.hu\/en\/wp-json\/wp\/v2\/media?parent=279"}],"curies":[{"name":"wp","href":"https:\/\/api.w.org\/{rel}","templated":true}]}}