{"id":228,"date":"2013-12-23T17:42:37","date_gmt":"2013-12-23T16:42:37","guid":{"rendered":"http:\/\/www.gemesipreparator.hu\/?page_id=228"},"modified":"2013-12-23T17:42:37","modified_gmt":"2013-12-23T16:42:37","slug":"full-body","status":"publish","type":"page","link":"https:\/\/www.gemesipreparator.hu\/en\/gallery\/mammals\/full-body\/","title":{"rendered":"Full-body"},"content":{"rendered":"","protected":false},"excerpt":{"rendered":"","protected":false},"author":1,"featured_media":0,"parent":224,"menu_order":0,"comment_status":"open","ping_status":"closed","template":"","meta":{"footnotes":""},"class_list":["post-228","page","type-page","status-publish","hentry"],"yoast_head":"<!-- This site is optimized with the Yoast SEO plugin v27.5 - https:\/\/yoast.com\/product\/yoast-seo-wordpress\/ -->\n<title>prepar\u00e1tor \u00bb eml\u0151s, mad\u00e1r, h\u00fcll\u0151 \u00bb G\u00e9mesi Tam\u00e1s<\/title>\n<meta name=\"description\" content=\"Prepar\u00e1l\u00e1si palett\u00e1m rendk\u00edv\u00fcl gazdag \u00e9s v\u00e1ltozatos: a hazai \u00e9s az afrikai tr\u00f3fe\u00e1kon, h\u00fcll\u0151k\u00f6n \u00e1t az egyedi technol\u00f3gi\u00e1val k\u00e9sz\u00fclt tr\u00f3feam\u00e1solatokig terjed.\" \/>\n<meta name=\"robots\" content=\"index, follow, max-snippet:-1, max-image-preview:large, max-video-preview:-1\" \/>\n<link rel=\"canonical\" href=\"https:\/\/www.gemesipreparator.hu\/galeriak\/emlosok\/egesz-preparatumok\/\" \/>\n<meta property=\"og:locale\" content=\"en_US\" \/>\n<meta property=\"og:type\" content=\"article\" \/>\n<meta property=\"og:title\" content=\"prepar\u00e1tor \u00bb eml\u0151s, mad\u00e1r, h\u00fcll\u0151 \u00bb G\u00e9mesi Tam\u00e1s\" \/>\n<meta property=\"og:description\" content=\"Prepar\u00e1l\u00e1si palett\u00e1m rendk\u00edv\u00fcl gazdag \u00e9s v\u00e1ltozatos: a hazai \u00e9s az afrikai tr\u00f3fe\u00e1kon, h\u00fcll\u0151k\u00f6n \u00e1t az egyedi technol\u00f3gi\u00e1val k\u00e9sz\u00fclt tr\u00f3feam\u00e1solatokig terjed.\" \/>\n<meta property=\"og:url\" content=\"https:\/\/www.gemesipreparator.hu\/galeriak\/emlosok\/egesz-preparatumok\/\" \/>\n<meta property=\"og:site_name\" content=\"G\u00e9mesi Tam\u00e1s prepar\u00e1tor\" \/>\n<script type=\"application\/ld+json\" class=\"yoast-schema-graph\">{\"@context\":\"https:\\\/\\\/schema.org\",\"@graph\":[{\"@type\":\"WebPage\",\"@id\":\"https:\\\/\\\/www.gemesipreparator.hu\\\/galeriak\\\/emlosok\\\/egesz-preparatumok\\\/\",\"url\":\"https:\\\/\\\/www.gemesipreparator.hu\\\/galeriak\\\/emlosok\\\/egesz-preparatumok\\\/\",\"name\":\"prepar\u00e1tor \u00bb eml\u0151s, mad\u00e1r, h\u00fcll\u0151 \u00bb G\u00e9mesi Tam\u00e1s\",\"isPartOf\":{\"@id\":\"https:\\\/\\\/www.gemesipreparator.hu\\\/#website\"},\"datePublished\":\"2013-12-23T16:42:37+00:00\",\"description\":\"Prepar\u00e1l\u00e1si palett\u00e1m rendk\u00edv\u00fcl gazdag \u00e9s v\u00e1ltozatos: a hazai \u00e9s az afrikai tr\u00f3fe\u00e1kon, h\u00fcll\u0151k\u00f6n \u00e1t az egyedi technol\u00f3gi\u00e1val k\u00e9sz\u00fclt tr\u00f3feam\u00e1solatokig terjed.\",\"breadcrumb\":{\"@id\":\"https:\\\/\\\/www.gemesipreparator.hu\\\/galeriak\\\/emlosok\\\/egesz-preparatumok\\\/#breadcrumb\"},\"inLanguage\":\"en-US\",\"potentialAction\":[{\"@type\":\"ReadAction\",\"target\":[\"https:\\\/\\\/www.gemesipreparator.hu\\\/galeriak\\\/emlosok\\\/egesz-preparatumok\\\/\"]}]},{\"@type\":\"BreadcrumbList\",\"@id\":\"https:\\\/\\\/www.gemesipreparator.hu\\\/galeriak\\\/emlosok\\\/egesz-preparatumok\\\/#breadcrumb\",\"itemListElement\":[{\"@type\":\"ListItem\",\"position\":1,\"name\":\"Kezd\u0151lap\",\"item\":\"https:\\\/\\\/www.gemesipreparator.hu\\\/en\\\/\"},{\"@type\":\"ListItem\",\"position\":2,\"name\":\"Gallery\",\"item\":\"https:\\\/\\\/www.gemesipreparator.hu\\\/galeriak\\\/\"},{\"@type\":\"ListItem\",\"position\":3,\"name\":\"Mammals\",\"item\":\"https:\\\/\\\/www.gemesipreparator.hu\\\/galeriak\\\/emlosok\\\/\"},{\"@type\":\"ListItem\",\"position\":4,\"name\":\"Full-body\"}]},{\"@type\":\"WebSite\",\"@id\":\"https:\\\/\\\/www.gemesipreparator.hu\\\/#website\",\"url\":\"https:\\\/\\\/www.gemesipreparator.hu\\\/\",\"name\":\"G\u00e9mesi Tam\u00e1s prepar\u00e1tor\",\"description\":\"Term\u00e9szetes form\u00e1k, min\u0151s\u00e9gi munka...\",\"potentialAction\":[{\"@type\":\"SearchAction\",\"target\":{\"@type\":\"EntryPoint\",\"urlTemplate\":\"https:\\\/\\\/www.gemesipreparator.hu\\\/?s={search_term_string}\"},\"query-input\":{\"@type\":\"PropertyValueSpecification\",\"valueRequired\":true,\"valueName\":\"search_term_string\"}}],\"inLanguage\":\"en-US\"}]}<\/script>\n<!-- \/ Yoast SEO plugin. -->","yoast_head_json":{"title":"prepar\u00e1tor \u00bb eml\u0151s, mad\u00e1r, h\u00fcll\u0151 \u00bb G\u00e9mesi Tam\u00e1s","description":"Prepar\u00e1l\u00e1si palett\u00e1m rendk\u00edv\u00fcl gazdag \u00e9s v\u00e1ltozatos: a hazai \u00e9s az afrikai tr\u00f3fe\u00e1kon, h\u00fcll\u0151k\u00f6n \u00e1t az egyedi technol\u00f3gi\u00e1val k\u00e9sz\u00fclt tr\u00f3feam\u00e1solatokig terjed.","robots":{"index":"index","follow":"follow","max-snippet":"max-snippet:-1","max-image-preview":"max-image-preview:large","max-video-preview":"max-video-preview:-1"},"canonical":"https:\/\/www.gemesipreparator.hu\/galeriak\/emlosok\/egesz-preparatumok\/","og_locale":"en_US","og_type":"article","og_title":"prepar\u00e1tor \u00bb eml\u0151s, mad\u00e1r, h\u00fcll\u0151 \u00bb G\u00e9mesi Tam\u00e1s","og_description":"Prepar\u00e1l\u00e1si palett\u00e1m rendk\u00edv\u00fcl gazdag \u00e9s v\u00e1ltozatos: a hazai \u00e9s az afrikai tr\u00f3fe\u00e1kon, h\u00fcll\u0151k\u00f6n \u00e1t az egyedi technol\u00f3gi\u00e1val k\u00e9sz\u00fclt tr\u00f3feam\u00e1solatokig terjed.","og_url":"https:\/\/www.gemesipreparator.hu\/galeriak\/emlosok\/egesz-preparatumok\/","og_site_name":"G\u00e9mesi Tam\u00e1s prepar\u00e1tor","schema":{"@context":"https:\/\/schema.org","@graph":[{"@type":"WebPage","@id":"https:\/\/www.gemesipreparator.hu\/galeriak\/emlosok\/egesz-preparatumok\/","url":"https:\/\/www.gemesipreparator.hu\/galeriak\/emlosok\/egesz-preparatumok\/","name":"prepar\u00e1tor \u00bb eml\u0151s, mad\u00e1r, h\u00fcll\u0151 \u00bb G\u00e9mesi Tam\u00e1s","isPartOf":{"@id":"https:\/\/www.gemesipreparator.hu\/#website"},"datePublished":"2013-12-23T16:42:37+00:00","description":"Prepar\u00e1l\u00e1si palett\u00e1m rendk\u00edv\u00fcl gazdag \u00e9s v\u00e1ltozatos: a hazai \u00e9s az afrikai tr\u00f3fe\u00e1kon, h\u00fcll\u0151k\u00f6n \u00e1t az egyedi technol\u00f3gi\u00e1val k\u00e9sz\u00fclt tr\u00f3feam\u00e1solatokig terjed.","breadcrumb":{"@id":"https:\/\/www.gemesipreparator.hu\/galeriak\/emlosok\/egesz-preparatumok\/#breadcrumb"},"inLanguage":"en-US","potentialAction":[{"@type":"ReadAction","target":["https:\/\/www.gemesipreparator.hu\/galeriak\/emlosok\/egesz-preparatumok\/"]}]},{"@type":"BreadcrumbList","@id":"https:\/\/www.gemesipreparator.hu\/galeriak\/emlosok\/egesz-preparatumok\/#breadcrumb","itemListElement":[{"@type":"ListItem","position":1,"name":"Kezd\u0151lap","item":"https:\/\/www.gemesipreparator.hu\/en\/"},{"@type":"ListItem","position":2,"name":"Gallery","item":"https:\/\/www.gemesipreparator.hu\/galeriak\/"},{"@type":"ListItem","position":3,"name":"Mammals","item":"https:\/\/www.gemesipreparator.hu\/galeriak\/emlosok\/"},{"@type":"ListItem","position":4,"name":"Full-body"}]},{"@type":"WebSite","@id":"https:\/\/www.gemesipreparator.hu\/#website","url":"https:\/\/www.gemesipreparator.hu\/","name":"G\u00e9mesi Tam\u00e1s prepar\u00e1tor","description":"Term\u00e9szetes form\u00e1k, min\u0151s\u00e9gi munka...","potentialAction":[{"@type":"SearchAction","target":{"@type":"EntryPoint","urlTemplate":"https:\/\/www.gemesipreparator.hu\/?s={search_term_string}"},"query-input":{"@type":"PropertyValueSpecification","valueRequired":true,"valueName":"search_term_string"}}],"inLanguage":"en-US"}]}},"_links":{"self":[{"href":"https:\/\/www.gemesipreparator.hu\/en\/wp-json\/wp\/v2\/pages\/228","targetHints":{"allow":["GET"]}}],"collection":[{"href":"https:\/\/www.gemesipreparator.hu\/en\/wp-json\/wp\/v2\/pages"}],"about":[{"href":"https:\/\/www.gemesipreparator.hu\/en\/wp-json\/wp\/v2\/types\/page"}],"author":[{"embeddable":true,"href":"https:\/\/www.gemesipreparator.hu\/en\/wp-json\/wp\/v2\/users\/1"}],"replies":[{"embeddable":true,"href":"https:\/\/www.gemesipreparator.hu\/en\/wp-json\/wp\/v2\/comments?post=228"}],"version-history":[{"count":0,"href":"https:\/\/www.gemesipreparator.hu\/en\/wp-json\/wp\/v2\/pages\/228\/revisions"}],"up":[{"embeddable":true,"href":"https:\/\/www.gemesipreparator.hu\/en\/wp-json\/wp\/v2\/pages\/224"}],"wp:attachment":[{"href":"https:\/\/www.gemesipreparator.hu\/en\/wp-json\/wp\/v2\/media?parent=228"}],"curies":[{"name":"wp","href":"https:\/\/api.w.org\/{rel}","templated":true}]}}