{"id":209,"date":"2013-12-20T16:34:42","date_gmt":"2013-12-20T15:34:42","guid":{"rendered":"http:\/\/www.gemesipreparator.hu\/?page_id=209"},"modified":"2014-02-12T16:40:43","modified_gmt":"2014-02-12T15:40:43","slug":"asking-for-an-offer","status":"publish","type":"page","link":"https:\/\/www.gemesipreparator.hu\/en\/asking-for-an-offer\/","title":{"rendered":"Asking for an offer"},"content":{"rendered":"","protected":false},"excerpt":{"rendered":"","protected":false},"author":1,"featured_media":0,"parent":0,"menu_order":19,"comment_status":"open","ping_status":"closed","template":"","meta":{"footnotes":""},"class_list":["post-209","page","type-page","status-publish","hentry"],"yoast_head":"<!-- This site is optimized with the Yoast SEO plugin v26.7 - https:\/\/yoast.com\/wordpress\/plugins\/seo\/ -->\n<title>Tamas Gemesi Taxidermy \u00bb preparation \u00bb trophy \u00bb hunting | Enquiry<\/title>\n<meta name=\"description\" content=\"My preparation palette is rich: it expands from the Hungarian and African trophies to the reptiles and trophy copies which are made with an individual technology.\" \/>\n<meta name=\"robots\" content=\"index, follow, max-snippet:-1, max-image-preview:large, max-video-preview:-1\" \/>\n<link rel=\"canonical\" href=\"https:\/\/www.gemesipreparator.hu\/ajanlatkeres\/\" \/>\n<meta property=\"og:locale\" content=\"en_US\" \/>\n<meta property=\"og:type\" content=\"article\" \/>\n<meta property=\"og:title\" content=\"Tamas Gemesi Taxidermy \u00bb preparation \u00bb trophy \u00bb hunting | Enquiry\" \/>\n<meta property=\"og:description\" content=\"My preparation palette is rich: it expands from the Hungarian and African trophies to the reptiles and trophy copies which are made with an individual technology.\" \/>\n<meta property=\"og:url\" content=\"https:\/\/www.gemesipreparator.hu\/ajanlatkeres\/\" \/>\n<meta property=\"og:site_name\" content=\"G\u00e9mesi Tam\u00e1s prepar\u00e1tor\" \/>\n<meta property=\"article:modified_time\" content=\"2014-02-12T15:40:43+00:00\" \/>\n<script type=\"application\/ld+json\" class=\"yoast-schema-graph\">{\"@context\":\"https:\/\/schema.org\",\"@graph\":[{\"@type\":\"WebPage\",\"@id\":\"https:\/\/www.gemesipreparator.hu\/ajanlatkeres\/\",\"url\":\"https:\/\/www.gemesipreparator.hu\/ajanlatkeres\/\",\"name\":\"Tamas Gemesi Taxidermy \u00bb preparation \u00bb trophy \u00bb hunting | Enquiry\",\"isPartOf\":{\"@id\":\"https:\/\/www.gemesipreparator.hu\/#website\"},\"datePublished\":\"2013-12-20T15:34:42+00:00\",\"dateModified\":\"2014-02-12T15:40:43+00:00\",\"description\":\"My preparation palette is rich: it expands from the Hungarian and African trophies to the reptiles and trophy copies which are made with an individual technology.\",\"breadcrumb\":{\"@id\":\"https:\/\/www.gemesipreparator.hu\/ajanlatkeres\/#breadcrumb\"},\"inLanguage\":\"en-US\",\"potentialAction\":[{\"@type\":\"ReadAction\",\"target\":[\"https:\/\/www.gemesipreparator.hu\/ajanlatkeres\/\"]}]},{\"@type\":\"BreadcrumbList\",\"@id\":\"https:\/\/www.gemesipreparator.hu\/ajanlatkeres\/#breadcrumb\",\"itemListElement\":[{\"@type\":\"ListItem\",\"position\":1,\"name\":\"Kezd\u0151lap\",\"item\":\"https:\/\/www.gemesipreparator.hu\/en\/\"},{\"@type\":\"ListItem\",\"position\":2,\"name\":\"Asking for an offer\"}]},{\"@type\":\"WebSite\",\"@id\":\"https:\/\/www.gemesipreparator.hu\/#website\",\"url\":\"https:\/\/www.gemesipreparator.hu\/\",\"name\":\"G\u00e9mesi Tam\u00e1s prepar\u00e1tor\",\"description\":\"Term\u00e9szetes form\u00e1k, min\u0151s\u00e9gi munka...\",\"potentialAction\":[{\"@type\":\"SearchAction\",\"target\":{\"@type\":\"EntryPoint\",\"urlTemplate\":\"https:\/\/www.gemesipreparator.hu\/?s={search_term_string}\"},\"query-input\":{\"@type\":\"PropertyValueSpecification\",\"valueRequired\":true,\"valueName\":\"search_term_string\"}}],\"inLanguage\":\"en-US\"}]}<\/script>\n<!-- \/ Yoast SEO plugin. -->","yoast_head_json":{"title":"Tamas Gemesi Taxidermy \u00bb preparation \u00bb trophy \u00bb hunting | Enquiry","description":"My preparation palette is rich: it expands from the Hungarian and African trophies to the reptiles and trophy copies which are made with an individual technology.","robots":{"index":"index","follow":"follow","max-snippet":"max-snippet:-1","max-image-preview":"max-image-preview:large","max-video-preview":"max-video-preview:-1"},"canonical":"https:\/\/www.gemesipreparator.hu\/ajanlatkeres\/","og_locale":"en_US","og_type":"article","og_title":"Tamas Gemesi Taxidermy \u00bb preparation \u00bb trophy \u00bb hunting | Enquiry","og_description":"My preparation palette is rich: it expands from the Hungarian and African trophies to the reptiles and trophy copies which are made with an individual technology.","og_url":"https:\/\/www.gemesipreparator.hu\/ajanlatkeres\/","og_site_name":"G\u00e9mesi Tam\u00e1s prepar\u00e1tor","article_modified_time":"2014-02-12T15:40:43+00:00","schema":{"@context":"https:\/\/schema.org","@graph":[{"@type":"WebPage","@id":"https:\/\/www.gemesipreparator.hu\/ajanlatkeres\/","url":"https:\/\/www.gemesipreparator.hu\/ajanlatkeres\/","name":"Tamas Gemesi Taxidermy \u00bb preparation \u00bb trophy \u00bb hunting | Enquiry","isPartOf":{"@id":"https:\/\/www.gemesipreparator.hu\/#website"},"datePublished":"2013-12-20T15:34:42+00:00","dateModified":"2014-02-12T15:40:43+00:00","description":"My preparation palette is rich: it expands from the Hungarian and African trophies to the reptiles and trophy copies which are made with an individual technology.","breadcrumb":{"@id":"https:\/\/www.gemesipreparator.hu\/ajanlatkeres\/#breadcrumb"},"inLanguage":"en-US","potentialAction":[{"@type":"ReadAction","target":["https:\/\/www.gemesipreparator.hu\/ajanlatkeres\/"]}]},{"@type":"BreadcrumbList","@id":"https:\/\/www.gemesipreparator.hu\/ajanlatkeres\/#breadcrumb","itemListElement":[{"@type":"ListItem","position":1,"name":"Kezd\u0151lap","item":"https:\/\/www.gemesipreparator.hu\/en\/"},{"@type":"ListItem","position":2,"name":"Asking for an offer"}]},{"@type":"WebSite","@id":"https:\/\/www.gemesipreparator.hu\/#website","url":"https:\/\/www.gemesipreparator.hu\/","name":"G\u00e9mesi Tam\u00e1s prepar\u00e1tor","description":"Term\u00e9szetes form\u00e1k, min\u0151s\u00e9gi munka...","potentialAction":[{"@type":"SearchAction","target":{"@type":"EntryPoint","urlTemplate":"https:\/\/www.gemesipreparator.hu\/?s={search_term_string}"},"query-input":{"@type":"PropertyValueSpecification","valueRequired":true,"valueName":"search_term_string"}}],"inLanguage":"en-US"}]}},"_links":{"self":[{"href":"https:\/\/www.gemesipreparator.hu\/en\/wp-json\/wp\/v2\/pages\/209","targetHints":{"allow":["GET"]}}],"collection":[{"href":"https:\/\/www.gemesipreparator.hu\/en\/wp-json\/wp\/v2\/pages"}],"about":[{"href":"https:\/\/www.gemesipreparator.hu\/en\/wp-json\/wp\/v2\/types\/page"}],"author":[{"embeddable":true,"href":"https:\/\/www.gemesipreparator.hu\/en\/wp-json\/wp\/v2\/users\/1"}],"replies":[{"embeddable":true,"href":"https:\/\/www.gemesipreparator.hu\/en\/wp-json\/wp\/v2\/comments?post=209"}],"version-history":[{"count":0,"href":"https:\/\/www.gemesipreparator.hu\/en\/wp-json\/wp\/v2\/pages\/209\/revisions"}],"wp:attachment":[{"href":"https:\/\/www.gemesipreparator.hu\/en\/wp-json\/wp\/v2\/media?parent=209"}],"curies":[{"name":"wp","href":"https:\/\/api.w.org\/{rel}","templated":true}]}}