{"id":183,"date":"2013-12-20T15:20:23","date_gmt":"2013-12-20T14:20:23","guid":{"rendered":"http:\/\/www.gemesipreparator.hu\/?page_id=183"},"modified":"2014-02-12T15:07:24","modified_gmt":"2014-02-12T14:07:24","slug":"introduction","status":"publish","type":"page","link":"https:\/\/www.gemesipreparator.hu\/en\/","title":{"rendered":"Introduction"},"content":{"rendered":"<p><a href=\"https:\/\/www.gemesipreparator.hu\/files\/gemesitamas.jpg\" rel='gallery_post'><img loading=\"lazy\" decoding=\"async\" class=\"alignleft size-thumbnail wp-image-53\" alt=\"\" src=\"https:\/\/www.gemesipreparator.hu\/files\/gemesitamas-150x150.jpg\" width=\"150\" height=\"150\" srcset=\"https:\/\/www.gemesipreparator.hu\/files\/gemesitamas-150x150.jpg 150w, https:\/\/www.gemesipreparator.hu\/files\/gemesitamas-300x300.jpg 300w, https:\/\/www.gemesipreparator.hu\/files\/gemesitamas.jpg 750w\" sizes=\"auto, (max-width: 150px) 100vw, 150px\" \/><\/a><\/p>\n<p>My name is Tam\u00e1s G\u00e9mesi and I am a taxidermist. I have been working in this profession for over 20 years, and I have been operating my business since 1997.<br \/>\nMy workshop started with a small staff, but due to the increasing number of customers it has become a bigger manufacture\u00a0 with 12 constant workers. The workshop grew with a 200m2 preparation department in 2006. I am waiting for my old and new customers kindly to our exhibition and conference room.<\/p>\n<p>I continually develop my professional knowledge at national and foreign exhibitions where my colleagues accompany me.<br \/>\nDuring my work I try to use the best raw materials from abroad, and I am a retailer of them as well. I require my colleagues to be accurate and to pay attention to their work.<\/p>\n<p>My preparation palette is rich and diverse: it expands from the Hungarian and African trophies to the reptiles and trophy copies which are made with an individual technology. Our business deals with the selling of trophies as well. I like taking part in huntings with customers and friends.<\/p>\n<p>I transport the trophies and ready-made preparations free, and I take over the arrived trophies at an arranged place. I receive your order by e-mail or by phone, and I can send the ready product by post.<\/p>\n<p>I am waiting for your order!<\/p>\n","protected":false},"excerpt":{"rendered":"<p>My name is Tam\u00e1s G\u00e9mesi and I am a taxidermist. I have been working in this profession for over 20 years, and I have been operating my business since 1997. My workshop started with a small staff, but due to the increasing number of customers it has become a bigger manufacture\u00a0 with 12 constant workers. [&hellip;]<\/p>\n","protected":false},"author":1,"featured_media":0,"parent":0,"menu_order":14,"comment_status":"open","ping_status":"closed","template":"","meta":{"footnotes":""},"class_list":["post-183","page","type-page","status-publish","hentry"],"yoast_head":"<!-- This site is optimized with the Yoast SEO plugin v26.7 - https:\/\/yoast.com\/wordpress\/plugins\/seo\/ -->\n<title>Tamas Gemesi Taxidermy \u00bb preparation \u00bb trophy \u00bb hunting<\/title>\n<meta name=\"description\" content=\"My preparation palette is rich: it expands from the Hungarian and African trophies to the reptiles and trophy copies which are made with an individual technology.\" \/>\n<meta name=\"robots\" content=\"index, follow, max-snippet:-1, max-image-preview:large, max-video-preview:-1\" \/>\n<link rel=\"canonical\" href=\"https:\/\/www.gemesipreparator.hu\/en\/\" \/>\n<meta property=\"og:locale\" content=\"en_US\" \/>\n<meta property=\"og:type\" content=\"article\" \/>\n<meta property=\"og:title\" content=\"Tamas Gemesi Taxidermy \u00bb preparation \u00bb trophy \u00bb hunting\" \/>\n<meta property=\"og:description\" content=\"My preparation palette is rich: it expands from the Hungarian and African trophies to the reptiles and trophy copies which are made with an individual technology.\" \/>\n<meta property=\"og:url\" content=\"https:\/\/www.gemesipreparator.hu\/en\/\" \/>\n<meta property=\"og:site_name\" content=\"G\u00e9mesi Tam\u00e1s prepar\u00e1tor\" \/>\n<meta property=\"article:modified_time\" content=\"2014-02-12T14:07:24+00:00\" \/>\n<meta property=\"og:image\" content=\"https:\/\/www.gemesipreparator.hu\/files\/gemesitamas-150x150.jpg\" \/>\n<meta name=\"twitter:label1\" content=\"Est. reading time\" \/>\n\t<meta name=\"twitter:data1\" content=\"1 minute\" \/>\n<script type=\"application\/ld+json\" class=\"yoast-schema-graph\">{\"@context\":\"https:\/\/schema.org\",\"@graph\":[{\"@type\":\"WebPage\",\"@id\":\"https:\/\/www.gemesipreparator.hu\/en\/\",\"url\":\"https:\/\/www.gemesipreparator.hu\/en\/\",\"name\":\"Tamas Gemesi Taxidermy \u00bb preparation \u00bb trophy \u00bb hunting\",\"isPartOf\":{\"@id\":\"https:\/\/www.gemesipreparator.hu\/#website\"},\"primaryImageOfPage\":{\"@id\":\"https:\/\/www.gemesipreparator.hu\/en\/#primaryimage\"},\"image\":{\"@id\":\"https:\/\/www.gemesipreparator.hu\/en\/#primaryimage\"},\"thumbnailUrl\":\"https:\/\/www.gemesipreparator.hu\/files\/gemesitamas-150x150.jpg\",\"datePublished\":\"2013-12-20T14:20:23+00:00\",\"dateModified\":\"2014-02-12T14:07:24+00:00\",\"description\":\"My preparation palette is rich: it expands from the Hungarian and African trophies to the reptiles and trophy copies which are made with an individual technology.\",\"breadcrumb\":{\"@id\":\"https:\/\/www.gemesipreparator.hu\/en\/#breadcrumb\"},\"inLanguage\":\"en-US\",\"potentialAction\":[{\"@type\":\"ReadAction\",\"target\":[\"https:\/\/www.gemesipreparator.hu\/en\/\"]}]},{\"@type\":\"ImageObject\",\"inLanguage\":\"en-US\",\"@id\":\"https:\/\/www.gemesipreparator.hu\/en\/#primaryimage\",\"url\":\"https:\/\/www.gemesipreparator.hu\/files\/gemesitamas-150x150.jpg\",\"contentUrl\":\"https:\/\/www.gemesipreparator.hu\/files\/gemesitamas-150x150.jpg\"},{\"@type\":\"BreadcrumbList\",\"@id\":\"https:\/\/www.gemesipreparator.hu\/en\/#breadcrumb\",\"itemListElement\":[{\"@type\":\"ListItem\",\"position\":1,\"name\":\"Kezd\u0151lap\",\"item\":\"https:\/\/www.gemesipreparator.hu\/en\/\"},{\"@type\":\"ListItem\",\"position\":2,\"name\":\"Introduction\"}]},{\"@type\":\"WebSite\",\"@id\":\"https:\/\/www.gemesipreparator.hu\/#website\",\"url\":\"https:\/\/www.gemesipreparator.hu\/\",\"name\":\"G\u00e9mesi Tam\u00e1s prepar\u00e1tor\",\"description\":\"Term\u00e9szetes form\u00e1k, min\u0151s\u00e9gi munka...\",\"potentialAction\":[{\"@type\":\"SearchAction\",\"target\":{\"@type\":\"EntryPoint\",\"urlTemplate\":\"https:\/\/www.gemesipreparator.hu\/?s={search_term_string}\"},\"query-input\":{\"@type\":\"PropertyValueSpecification\",\"valueRequired\":true,\"valueName\":\"search_term_string\"}}],\"inLanguage\":\"en-US\"}]}<\/script>\n<!-- \/ Yoast SEO plugin. -->","yoast_head_json":{"title":"Tamas Gemesi Taxidermy \u00bb preparation \u00bb trophy \u00bb hunting","description":"My preparation palette is rich: it expands from the Hungarian and African trophies to the reptiles and trophy copies which are made with an individual technology.","robots":{"index":"index","follow":"follow","max-snippet":"max-snippet:-1","max-image-preview":"max-image-preview:large","max-video-preview":"max-video-preview:-1"},"canonical":"https:\/\/www.gemesipreparator.hu\/en\/","og_locale":"en_US","og_type":"article","og_title":"Tamas Gemesi Taxidermy \u00bb preparation \u00bb trophy \u00bb hunting","og_description":"My preparation palette is rich: it expands from the Hungarian and African trophies to the reptiles and trophy copies which are made with an individual technology.","og_url":"https:\/\/www.gemesipreparator.hu\/en\/","og_site_name":"G\u00e9mesi Tam\u00e1s prepar\u00e1tor","article_modified_time":"2014-02-12T14:07:24+00:00","og_image":[{"url":"https:\/\/www.gemesipreparator.hu\/files\/gemesitamas-150x150.jpg","type":"","width":"","height":""}],"twitter_misc":{"Est. reading time":"1 minute"},"schema":{"@context":"https:\/\/schema.org","@graph":[{"@type":"WebPage","@id":"https:\/\/www.gemesipreparator.hu\/en\/","url":"https:\/\/www.gemesipreparator.hu\/en\/","name":"Tamas Gemesi Taxidermy \u00bb preparation \u00bb trophy \u00bb hunting","isPartOf":{"@id":"https:\/\/www.gemesipreparator.hu\/#website"},"primaryImageOfPage":{"@id":"https:\/\/www.gemesipreparator.hu\/en\/#primaryimage"},"image":{"@id":"https:\/\/www.gemesipreparator.hu\/en\/#primaryimage"},"thumbnailUrl":"https:\/\/www.gemesipreparator.hu\/files\/gemesitamas-150x150.jpg","datePublished":"2013-12-20T14:20:23+00:00","dateModified":"2014-02-12T14:07:24+00:00","description":"My preparation palette is rich: it expands from the Hungarian and African trophies to the reptiles and trophy copies which are made with an individual technology.","breadcrumb":{"@id":"https:\/\/www.gemesipreparator.hu\/en\/#breadcrumb"},"inLanguage":"en-US","potentialAction":[{"@type":"ReadAction","target":["https:\/\/www.gemesipreparator.hu\/en\/"]}]},{"@type":"ImageObject","inLanguage":"en-US","@id":"https:\/\/www.gemesipreparator.hu\/en\/#primaryimage","url":"https:\/\/www.gemesipreparator.hu\/files\/gemesitamas-150x150.jpg","contentUrl":"https:\/\/www.gemesipreparator.hu\/files\/gemesitamas-150x150.jpg"},{"@type":"BreadcrumbList","@id":"https:\/\/www.gemesipreparator.hu\/en\/#breadcrumb","itemListElement":[{"@type":"ListItem","position":1,"name":"Kezd\u0151lap","item":"https:\/\/www.gemesipreparator.hu\/en\/"},{"@type":"ListItem","position":2,"name":"Introduction"}]},{"@type":"WebSite","@id":"https:\/\/www.gemesipreparator.hu\/#website","url":"https:\/\/www.gemesipreparator.hu\/","name":"G\u00e9mesi Tam\u00e1s prepar\u00e1tor","description":"Term\u00e9szetes form\u00e1k, min\u0151s\u00e9gi munka...","potentialAction":[{"@type":"SearchAction","target":{"@type":"EntryPoint","urlTemplate":"https:\/\/www.gemesipreparator.hu\/?s={search_term_string}"},"query-input":{"@type":"PropertyValueSpecification","valueRequired":true,"valueName":"search_term_string"}}],"inLanguage":"en-US"}]}},"_links":{"self":[{"href":"https:\/\/www.gemesipreparator.hu\/en\/wp-json\/wp\/v2\/pages\/183","targetHints":{"allow":["GET"]}}],"collection":[{"href":"https:\/\/www.gemesipreparator.hu\/en\/wp-json\/wp\/v2\/pages"}],"about":[{"href":"https:\/\/www.gemesipreparator.hu\/en\/wp-json\/wp\/v2\/types\/page"}],"author":[{"embeddable":true,"href":"https:\/\/www.gemesipreparator.hu\/en\/wp-json\/wp\/v2\/users\/1"}],"replies":[{"embeddable":true,"href":"https:\/\/www.gemesipreparator.hu\/en\/wp-json\/wp\/v2\/comments?post=183"}],"version-history":[{"count":0,"href":"https:\/\/www.gemesipreparator.hu\/en\/wp-json\/wp\/v2\/pages\/183\/revisions"}],"wp:attachment":[{"href":"https:\/\/www.gemesipreparator.hu\/en\/wp-json\/wp\/v2\/media?parent=183"}],"curies":[{"name":"wp","href":"https:\/\/api.w.org\/{rel}","templated":true}]}}