{"id":265,"date":"2013-12-23T17:58:04","date_gmt":"2013-12-23T16:58:04","guid":{"rendered":"http:\/\/www.gemesipreparator.hu\/?page_id=265"},"modified":"2013-12-27T11:05:45","modified_gmt":"2013-12-27T10:05:45","slug":"asien-2","status":"publish","type":"page","link":"https:\/\/www.gemesipreparator.hu\/de\/galerie\/sauger\/kopf\/asien-2\/","title":{"rendered":"Asien"},"content":{"rendered":"\r\n<div class=\"ngg-galleryoverview\" id=\"ngg-gallery-9-265\">\r\n\r\n\r\n\t\r\n\t<!-- Thumbnails -->\r\n\t\t\r\n\t<div id=\"ngg-image-368\" class=\"ngg-gallery-thumbnail-box\"  >\r\n\t\t<div class=\"ngg-gallery-thumbnail\" >\r\n\t\t\t<a href=\"https:\/\/www.gemesipreparator.hu\/files\/emlosok_fej_azsia\/9666.jpg\" title=\" \" rel='gallery_[set_9]' >\r\n\t\t\t\t\t\t\t\t<img loading=\"lazy\" decoding=\"async\" title=\"9666\" alt=\"9666\" src=\"https:\/\/www.gemesipreparator.hu\/files\/emlosok_fej_azsia\/thumbs\/thumbs_9666.jpg\" width=\"120\" height=\"90\" \/>\r\n\t\t\t\t\t\t\t<\/a>\r\n\t\t<\/div>\r\n\t<\/div>\r\n\t\r\n\t\t\r\n \t\t\r\n\t<div id=\"ngg-image-369\" class=\"ngg-gallery-thumbnail-box\"  >\r\n\t\t<div class=\"ngg-gallery-thumbnail\" >\r\n\t\t\t<a href=\"https:\/\/www.gemesipreparator.hu\/files\/emlosok_fej_azsia\/9679.jpg\" title=\" \" rel='gallery_[set_9]' >\r\n\t\t\t\t\t\t\t\t<img loading=\"lazy\" decoding=\"async\" title=\"9679\" alt=\"9679\" src=\"https:\/\/www.gemesipreparator.hu\/files\/emlosok_fej_azsia\/thumbs\/thumbs_9679.jpg\" width=\"120\" height=\"90\" \/>\r\n\t\t\t\t\t\t\t<\/a>\r\n\t\t<\/div>\r\n\t<\/div>\r\n\t\r\n\t\t\r\n \t\t\r\n\t<div id=\"ngg-image-370\" class=\"ngg-gallery-thumbnail-box\"  >\r\n\t\t<div class=\"ngg-gallery-thumbnail\" >\r\n\t\t\t<a href=\"https:\/\/www.gemesipreparator.hu\/files\/emlosok_fej_azsia\/img_9769rk.jpg\" title=\" \" rel='gallery_[set_9]' >\r\n\t\t\t\t\t\t\t\t<img loading=\"lazy\" decoding=\"async\" title=\"img_9769rk\" alt=\"img_9769rk\" src=\"https:\/\/www.gemesipreparator.hu\/files\/emlosok_fej_azsia\/thumbs\/thumbs_img_9769rk.jpg\" width=\"120\" height=\"90\" \/>\r\n\t\t\t\t\t\t\t<\/a>\r\n\t\t<\/div>\r\n\t<\/div>\r\n\t\r\n\t\t\r\n \t\t\r\n\t<div id=\"ngg-image-371\" class=\"ngg-gallery-thumbnail-box\"  >\r\n\t\t<div class=\"ngg-gallery-thumbnail\" >\r\n\t\t\t<a href=\"https:\/\/www.gemesipreparator.hu\/files\/emlosok_fej_azsia\/img_9769rks.jpg\" title=\" \" rel='gallery_[set_9]' >\r\n\t\t\t\t\t\t\t\t<img loading=\"lazy\" decoding=\"async\" title=\"img_9769rks\" alt=\"img_9769rks\" src=\"https:\/\/www.gemesipreparator.hu\/files\/emlosok_fej_azsia\/thumbs\/thumbs_img_9769rks.jpg\" width=\"120\" height=\"90\" \/>\r\n\t\t\t\t\t\t\t<\/a>\r\n\t\t<\/div>\r\n\t<\/div>\r\n\t\r\n\t\t\r\n \t\t\r\n\t<div id=\"ngg-image-372\" class=\"ngg-gallery-thumbnail-box\"  >\r\n\t\t<div class=\"ngg-gallery-thumbnail\" >\r\n\t\t\t<a href=\"https:\/\/www.gemesipreparator.hu\/files\/emlosok_fej_azsia\/img_9804vk.jpg\" title=\" \" rel='gallery_[set_9]' >\r\n\t\t\t\t\t\t\t\t<img loading=\"lazy\" decoding=\"async\" title=\"img_9804vk\" alt=\"img_9804vk\" src=\"https:\/\/www.gemesipreparator.hu\/files\/emlosok_fej_azsia\/thumbs\/thumbs_img_9804vk.jpg\" width=\"120\" height=\"90\" \/>\r\n\t\t\t\t\t\t\t<\/a>\r\n\t\t<\/div>\r\n\t<\/div>\r\n\t\r\n\t\t\r\n \t\t\r\n\t<div id=\"ngg-image-373\" class=\"ngg-gallery-thumbnail-box\"  >\r\n\t\t<div class=\"ngg-gallery-thumbnail\" >\r\n\t\t\t<a href=\"https:\/\/www.gemesipreparator.hu\/files\/emlosok_fej_azsia\/img_9804vks.jpg\" title=\" \" rel='gallery_[set_9]' >\r\n\t\t\t\t\t\t\t\t<img loading=\"lazy\" decoding=\"async\" title=\"img_9804vks\" alt=\"img_9804vks\" src=\"https:\/\/www.gemesipreparator.hu\/files\/emlosok_fej_azsia\/thumbs\/thumbs_img_9804vks.jpg\" width=\"120\" height=\"90\" \/>\r\n\t\t\t\t\t\t\t<\/a>\r\n\t\t<\/div>\r\n\t<\/div>\r\n\t\r\n\t\t\r\n \t \t\r\n\t<!-- Pagination -->\r\n \t<div class=\"ngg-clear\"><\/div> \t\r\n<\/div>\r\n\r\n\n","protected":false},"excerpt":{"rendered":"","protected":false},"author":1,"featured_media":427,"parent":298,"menu_order":8,"comment_status":"open","ping_status":"closed","template":"","meta":{"footnotes":""},"class_list":["post-265","page","type-page","status-publish","has-post-thumbnail","hentry"],"yoast_head":"<!-- This site is optimized with the Yoast SEO plugin v26.7 - https:\/\/yoast.com\/wordpress\/plugins\/seo\/ -->\n<title>prepar\u00e1tor \u00bb eml\u0151s, mad\u00e1r, h\u00fcll\u0151 \u00bb G\u00e9mesi Tam\u00e1s<\/title>\n<meta name=\"description\" content=\"Prepar\u00e1l\u00e1si palett\u00e1m rendk\u00edv\u00fcl gazdag \u00e9s v\u00e1ltozatos: a hazai \u00e9s az afrikai tr\u00f3fe\u00e1kon, h\u00fcll\u0151k\u00f6n \u00e1t az egyedi technol\u00f3gi\u00e1val k\u00e9sz\u00fclt tr\u00f3feam\u00e1solatokig terjed.\" \/>\n<meta name=\"robots\" content=\"index, follow, max-snippet:-1, max-image-preview:large, max-video-preview:-1\" \/>\n<link rel=\"canonical\" href=\"https:\/\/www.gemesipreparator.hu\/galeriak\/emlosok\/fej-preparatumok\/azsia\/\" \/>\n<meta property=\"og:locale\" content=\"de_DE\" \/>\n<meta property=\"og:type\" content=\"article\" \/>\n<meta property=\"og:title\" content=\"prepar\u00e1tor \u00bb eml\u0151s, mad\u00e1r, h\u00fcll\u0151 \u00bb G\u00e9mesi Tam\u00e1s\" \/>\n<meta property=\"og:description\" content=\"Prepar\u00e1l\u00e1si palett\u00e1m rendk\u00edv\u00fcl gazdag \u00e9s v\u00e1ltozatos: a hazai \u00e9s az afrikai tr\u00f3fe\u00e1kon, h\u00fcll\u0151k\u00f6n \u00e1t az egyedi technol\u00f3gi\u00e1val k\u00e9sz\u00fclt tr\u00f3feam\u00e1solatokig terjed.\" \/>\n<meta property=\"og:url\" content=\"https:\/\/www.gemesipreparator.hu\/galeriak\/emlosok\/fej-preparatumok\/azsia\/\" \/>\n<meta property=\"og:site_name\" content=\"G\u00e9mesi Tam\u00e1s prepar\u00e1tor\" \/>\n<meta property=\"article:modified_time\" content=\"2013-12-27T10:05:45+00:00\" \/>\n<meta property=\"og:image\" content=\"https:\/\/www.gemesipreparator.hu\/files\/fej-azsia.jpg\" \/>\n\t<meta property=\"og:image:width\" content=\"900\" \/>\n\t<meta property=\"og:image:height\" content=\"600\" \/>\n\t<meta property=\"og:image:type\" content=\"image\/jpeg\" \/>\n<script type=\"application\/ld+json\" class=\"yoast-schema-graph\">{\"@context\":\"https:\/\/schema.org\",\"@graph\":[{\"@type\":\"WebPage\",\"@id\":\"https:\/\/www.gemesipreparator.hu\/galeriak\/emlosok\/fej-preparatumok\/azsia\/\",\"url\":\"https:\/\/www.gemesipreparator.hu\/galeriak\/emlosok\/fej-preparatumok\/azsia\/\",\"name\":\"prepar\u00e1tor \u00bb eml\u0151s, mad\u00e1r, h\u00fcll\u0151 \u00bb G\u00e9mesi Tam\u00e1s\",\"isPartOf\":{\"@id\":\"https:\/\/www.gemesipreparator.hu\/#website\"},\"primaryImageOfPage\":{\"@id\":\"https:\/\/www.gemesipreparator.hu\/galeriak\/emlosok\/fej-preparatumok\/azsia\/#primaryimage\"},\"image\":{\"@id\":\"https:\/\/www.gemesipreparator.hu\/galeriak\/emlosok\/fej-preparatumok\/azsia\/#primaryimage\"},\"thumbnailUrl\":\"https:\/\/www.gemesipreparator.hu\/files\/fej-azsia.jpg\",\"datePublished\":\"2013-12-23T16:58:04+00:00\",\"dateModified\":\"2013-12-27T10:05:45+00:00\",\"description\":\"Prepar\u00e1l\u00e1si palett\u00e1m rendk\u00edv\u00fcl gazdag \u00e9s v\u00e1ltozatos: a hazai \u00e9s az afrikai tr\u00f3fe\u00e1kon, h\u00fcll\u0151k\u00f6n \u00e1t az egyedi technol\u00f3gi\u00e1val k\u00e9sz\u00fclt tr\u00f3feam\u00e1solatokig terjed.\",\"breadcrumb\":{\"@id\":\"https:\/\/www.gemesipreparator.hu\/galeriak\/emlosok\/fej-preparatumok\/azsia\/#breadcrumb\"},\"inLanguage\":\"de\",\"potentialAction\":[{\"@type\":\"ReadAction\",\"target\":[\"https:\/\/www.gemesipreparator.hu\/galeriak\/emlosok\/fej-preparatumok\/azsia\/\"]}]},{\"@type\":\"ImageObject\",\"inLanguage\":\"de\",\"@id\":\"https:\/\/www.gemesipreparator.hu\/galeriak\/emlosok\/fej-preparatumok\/azsia\/#primaryimage\",\"url\":\"https:\/\/www.gemesipreparator.hu\/files\/fej-azsia.jpg\",\"contentUrl\":\"https:\/\/www.gemesipreparator.hu\/files\/fej-azsia.jpg\",\"width\":\"900\",\"height\":\"600\"},{\"@type\":\"BreadcrumbList\",\"@id\":\"https:\/\/www.gemesipreparator.hu\/galeriak\/emlosok\/fej-preparatumok\/azsia\/#breadcrumb\",\"itemListElement\":[{\"@type\":\"ListItem\",\"position\":1,\"name\":\"Kezd\u0151lap\",\"item\":\"https:\/\/www.gemesipreparator.hu\/de\/\"},{\"@type\":\"ListItem\",\"position\":2,\"name\":\"Galerie\",\"item\":\"https:\/\/www.gemesipreparator.hu\/galeriak\/\"},{\"@type\":\"ListItem\",\"position\":3,\"name\":\"S\u00e4uger\",\"item\":\"https:\/\/www.gemesipreparator.hu\/galeriak\/emlosok\/\"},{\"@type\":\"ListItem\",\"position\":4,\"name\":\"Kopf\",\"item\":\"https:\/\/www.gemesipreparator.hu\/galeriak\/emlosok\/fej-preparatumok\/\"},{\"@type\":\"ListItem\",\"position\":5,\"name\":\"Asien\"}]},{\"@type\":\"WebSite\",\"@id\":\"https:\/\/www.gemesipreparator.hu\/#website\",\"url\":\"https:\/\/www.gemesipreparator.hu\/\",\"name\":\"G\u00e9mesi Tam\u00e1s prepar\u00e1tor\",\"description\":\"Term\u00e9szetes form\u00e1k, min\u0151s\u00e9gi munka...\",\"potentialAction\":[{\"@type\":\"SearchAction\",\"target\":{\"@type\":\"EntryPoint\",\"urlTemplate\":\"https:\/\/www.gemesipreparator.hu\/?s={search_term_string}\"},\"query-input\":{\"@type\":\"PropertyValueSpecification\",\"valueRequired\":true,\"valueName\":\"search_term_string\"}}],\"inLanguage\":\"de\"}]}<\/script>\n<!-- \/ Yoast SEO plugin. -->","yoast_head_json":{"title":"prepar\u00e1tor \u00bb eml\u0151s, mad\u00e1r, h\u00fcll\u0151 \u00bb G\u00e9mesi Tam\u00e1s","description":"Prepar\u00e1l\u00e1si palett\u00e1m rendk\u00edv\u00fcl gazdag \u00e9s v\u00e1ltozatos: a hazai \u00e9s az afrikai tr\u00f3fe\u00e1kon, h\u00fcll\u0151k\u00f6n \u00e1t az egyedi technol\u00f3gi\u00e1val k\u00e9sz\u00fclt tr\u00f3feam\u00e1solatokig terjed.","robots":{"index":"index","follow":"follow","max-snippet":"max-snippet:-1","max-image-preview":"max-image-preview:large","max-video-preview":"max-video-preview:-1"},"canonical":"https:\/\/www.gemesipreparator.hu\/galeriak\/emlosok\/fej-preparatumok\/azsia\/","og_locale":"de_DE","og_type":"article","og_title":"prepar\u00e1tor \u00bb eml\u0151s, mad\u00e1r, h\u00fcll\u0151 \u00bb G\u00e9mesi Tam\u00e1s","og_description":"Prepar\u00e1l\u00e1si palett\u00e1m rendk\u00edv\u00fcl gazdag \u00e9s v\u00e1ltozatos: a hazai \u00e9s az afrikai tr\u00f3fe\u00e1kon, h\u00fcll\u0151k\u00f6n \u00e1t az egyedi technol\u00f3gi\u00e1val k\u00e9sz\u00fclt tr\u00f3feam\u00e1solatokig terjed.","og_url":"https:\/\/www.gemesipreparator.hu\/galeriak\/emlosok\/fej-preparatumok\/azsia\/","og_site_name":"G\u00e9mesi Tam\u00e1s prepar\u00e1tor","article_modified_time":"2013-12-27T10:05:45+00:00","og_image":[{"width":900,"height":600,"url":"https:\/\/www.gemesipreparator.hu\/files\/fej-azsia.jpg","type":"image\/jpeg"}],"schema":{"@context":"https:\/\/schema.org","@graph":[{"@type":"WebPage","@id":"https:\/\/www.gemesipreparator.hu\/galeriak\/emlosok\/fej-preparatumok\/azsia\/","url":"https:\/\/www.gemesipreparator.hu\/galeriak\/emlosok\/fej-preparatumok\/azsia\/","name":"prepar\u00e1tor \u00bb eml\u0151s, mad\u00e1r, h\u00fcll\u0151 \u00bb G\u00e9mesi Tam\u00e1s","isPartOf":{"@id":"https:\/\/www.gemesipreparator.hu\/#website"},"primaryImageOfPage":{"@id":"https:\/\/www.gemesipreparator.hu\/galeriak\/emlosok\/fej-preparatumok\/azsia\/#primaryimage"},"image":{"@id":"https:\/\/www.gemesipreparator.hu\/galeriak\/emlosok\/fej-preparatumok\/azsia\/#primaryimage"},"thumbnailUrl":"https:\/\/www.gemesipreparator.hu\/files\/fej-azsia.jpg","datePublished":"2013-12-23T16:58:04+00:00","dateModified":"2013-12-27T10:05:45+00:00","description":"Prepar\u00e1l\u00e1si palett\u00e1m rendk\u00edv\u00fcl gazdag \u00e9s v\u00e1ltozatos: a hazai \u00e9s az afrikai tr\u00f3fe\u00e1kon, h\u00fcll\u0151k\u00f6n \u00e1t az egyedi technol\u00f3gi\u00e1val k\u00e9sz\u00fclt tr\u00f3feam\u00e1solatokig terjed.","breadcrumb":{"@id":"https:\/\/www.gemesipreparator.hu\/galeriak\/emlosok\/fej-preparatumok\/azsia\/#breadcrumb"},"inLanguage":"de","potentialAction":[{"@type":"ReadAction","target":["https:\/\/www.gemesipreparator.hu\/galeriak\/emlosok\/fej-preparatumok\/azsia\/"]}]},{"@type":"ImageObject","inLanguage":"de","@id":"https:\/\/www.gemesipreparator.hu\/galeriak\/emlosok\/fej-preparatumok\/azsia\/#primaryimage","url":"https:\/\/www.gemesipreparator.hu\/files\/fej-azsia.jpg","contentUrl":"https:\/\/www.gemesipreparator.hu\/files\/fej-azsia.jpg","width":"900","height":"600"},{"@type":"BreadcrumbList","@id":"https:\/\/www.gemesipreparator.hu\/galeriak\/emlosok\/fej-preparatumok\/azsia\/#breadcrumb","itemListElement":[{"@type":"ListItem","position":1,"name":"Kezd\u0151lap","item":"https:\/\/www.gemesipreparator.hu\/de\/"},{"@type":"ListItem","position":2,"name":"Galerie","item":"https:\/\/www.gemesipreparator.hu\/galeriak\/"},{"@type":"ListItem","position":3,"name":"S\u00e4uger","item":"https:\/\/www.gemesipreparator.hu\/galeriak\/emlosok\/"},{"@type":"ListItem","position":4,"name":"Kopf","item":"https:\/\/www.gemesipreparator.hu\/galeriak\/emlosok\/fej-preparatumok\/"},{"@type":"ListItem","position":5,"name":"Asien"}]},{"@type":"WebSite","@id":"https:\/\/www.gemesipreparator.hu\/#website","url":"https:\/\/www.gemesipreparator.hu\/","name":"G\u00e9mesi Tam\u00e1s prepar\u00e1tor","description":"Term\u00e9szetes form\u00e1k, min\u0151s\u00e9gi munka...","potentialAction":[{"@type":"SearchAction","target":{"@type":"EntryPoint","urlTemplate":"https:\/\/www.gemesipreparator.hu\/?s={search_term_string}"},"query-input":{"@type":"PropertyValueSpecification","valueRequired":true,"valueName":"search_term_string"}}],"inLanguage":"de"}]}},"_links":{"self":[{"href":"https:\/\/www.gemesipreparator.hu\/de\/wp-json\/wp\/v2\/pages\/265","targetHints":{"allow":["GET"]}}],"collection":[{"href":"https:\/\/www.gemesipreparator.hu\/de\/wp-json\/wp\/v2\/pages"}],"about":[{"href":"https:\/\/www.gemesipreparator.hu\/de\/wp-json\/wp\/v2\/types\/page"}],"author":[{"embeddable":true,"href":"https:\/\/www.gemesipreparator.hu\/de\/wp-json\/wp\/v2\/users\/1"}],"replies":[{"embeddable":true,"href":"https:\/\/www.gemesipreparator.hu\/de\/wp-json\/wp\/v2\/comments?post=265"}],"version-history":[{"count":0,"href":"https:\/\/www.gemesipreparator.hu\/de\/wp-json\/wp\/v2\/pages\/265\/revisions"}],"up":[{"embeddable":true,"href":"https:\/\/www.gemesipreparator.hu\/de\/wp-json\/wp\/v2\/pages\/298"}],"wp:featuredmedia":[{"embeddable":true,"href":"https:\/\/www.gemesipreparator.hu\/de\/wp-json\/wp\/v2\/media\/427"}],"wp:attachment":[{"href":"https:\/\/www.gemesipreparator.hu\/de\/wp-json\/wp\/v2\/media?parent=265"}],"curies":[{"name":"wp","href":"https:\/\/api.w.org\/{rel}","templated":true}]}}