{"id":261,"date":"2013-12-23T17:57:21","date_gmt":"2013-12-23T16:57:21","guid":{"rendered":"http:\/\/www.gemesipreparator.hu\/?page_id=261"},"modified":"2013-12-23T17:57:21","modified_gmt":"2013-12-23T16:57:21","slug":"amerika-2","status":"publish","type":"page","link":"https:\/\/www.gemesipreparator.hu\/de\/galerie\/sauger\/kopf\/amerika-2\/","title":{"rendered":"Amerika"},"content":{"rendered":"\r\n<div class=\"ngg-galleryoverview\" id=\"ngg-gallery-11-261\">\r\n\r\n\r\n\t\r\n\t<!-- Thumbnails -->\r\n\t\t\r\n\t<div id=\"ngg-image-282\" class=\"ngg-gallery-thumbnail-box\"  >\r\n\t\t<div class=\"ngg-gallery-thumbnail\" >\r\n\t\t\t<a href=\"https:\/\/www.gemesipreparator.hu\/files\/emlosok_fej_amerika\/img_7531r.jpg\" title=\" \" rel='gallery_[set_11]' >\r\n\t\t\t\t\t\t\t\t<img loading=\"lazy\" decoding=\"async\" title=\"img_7531r\" alt=\"img_7531r\" src=\"https:\/\/www.gemesipreparator.hu\/files\/emlosok_fej_amerika\/thumbs\/thumbs_img_7531r.jpg\" width=\"120\" height=\"90\" \/>\r\n\t\t\t\t\t\t\t<\/a>\r\n\t\t<\/div>\r\n\t<\/div>\r\n\t\r\n\t\t\r\n \t\t\r\n\t<div id=\"ngg-image-283\" class=\"ngg-gallery-thumbnail-box\"  >\r\n\t\t<div class=\"ngg-gallery-thumbnail\" >\r\n\t\t\t<a href=\"https:\/\/www.gemesipreparator.hu\/files\/emlosok_fej_amerika\/img_7534r.jpg\" title=\" \" rel='gallery_[set_11]' >\r\n\t\t\t\t\t\t\t\t<img loading=\"lazy\" decoding=\"async\" title=\"img_7534r\" alt=\"img_7534r\" src=\"https:\/\/www.gemesipreparator.hu\/files\/emlosok_fej_amerika\/thumbs\/thumbs_img_7534r.jpg\" width=\"120\" height=\"90\" \/>\r\n\t\t\t\t\t\t\t<\/a>\r\n\t\t<\/div>\r\n\t<\/div>\r\n\t\r\n\t\t\r\n \t\t\r\n\t<div id=\"ngg-image-284\" class=\"ngg-gallery-thumbnail-box\"  >\r\n\t\t<div class=\"ngg-gallery-thumbnail\" >\r\n\t\t\t<a href=\"https:\/\/www.gemesipreparator.hu\/files\/emlosok_fej_amerika\/img_7539r.jpg\" title=\" \" rel='gallery_[set_11]' >\r\n\t\t\t\t\t\t\t\t<img loading=\"lazy\" decoding=\"async\" title=\"img_7539r\" alt=\"img_7539r\" src=\"https:\/\/www.gemesipreparator.hu\/files\/emlosok_fej_amerika\/thumbs\/thumbs_img_7539r.jpg\" width=\"120\" height=\"90\" \/>\r\n\t\t\t\t\t\t\t<\/a>\r\n\t\t<\/div>\r\n\t<\/div>\r\n\t\r\n\t\t\r\n \t\t\r\n\t<div id=\"ngg-image-285\" class=\"ngg-gallery-thumbnail-box\"  >\r\n\t\t<div class=\"ngg-gallery-thumbnail\" >\r\n\t\t\t<a href=\"https:\/\/www.gemesipreparator.hu\/files\/emlosok_fej_amerika\/img_9843rk.jpg\" title=\" \" rel='gallery_[set_11]' >\r\n\t\t\t\t\t\t\t\t<img loading=\"lazy\" decoding=\"async\" title=\"img_9843rk\" alt=\"img_9843rk\" src=\"https:\/\/www.gemesipreparator.hu\/files\/emlosok_fej_amerika\/thumbs\/thumbs_img_9843rk.jpg\" width=\"120\" height=\"90\" \/>\r\n\t\t\t\t\t\t\t<\/a>\r\n\t\t<\/div>\r\n\t<\/div>\r\n\t\r\n\t\t\r\n \t\t\r\n\t<div id=\"ngg-image-286\" class=\"ngg-gallery-thumbnail-box\"  >\r\n\t\t<div class=\"ngg-gallery-thumbnail\" >\r\n\t\t\t<a href=\"https:\/\/www.gemesipreparator.hu\/files\/emlosok_fej_amerika\/img_9843rks.jpg\" title=\" \" rel='gallery_[set_11]' >\r\n\t\t\t\t\t\t\t\t<img loading=\"lazy\" decoding=\"async\" title=\"img_9843rks\" alt=\"img_9843rks\" src=\"https:\/\/www.gemesipreparator.hu\/files\/emlosok_fej_amerika\/thumbs\/thumbs_img_9843rks.jpg\" width=\"120\" height=\"90\" \/>\r\n\t\t\t\t\t\t\t<\/a>\r\n\t\t<\/div>\r\n\t<\/div>\r\n\t\r\n\t\t\r\n \t\t\r\n\t<div id=\"ngg-image-521\" class=\"ngg-gallery-thumbnail-box\"  >\r\n\t\t<div class=\"ngg-gallery-thumbnail\" >\r\n\t\t\t<a href=\"https:\/\/www.gemesipreparator.hu\/files\/emlosok_fej_amerika\/img_0279.jpg\" title=\" \" rel='gallery_[set_11]' >\r\n\t\t\t\t\t\t\t\t<img loading=\"lazy\" decoding=\"async\" title=\"img_0279\" alt=\"img_0279\" src=\"https:\/\/www.gemesipreparator.hu\/files\/emlosok_fej_amerika\/thumbs\/thumbs_img_0279.jpg\" width=\"120\" height=\"90\" \/>\r\n\t\t\t\t\t\t\t<\/a>\r\n\t\t<\/div>\r\n\t<\/div>\r\n\t\r\n\t\t\r\n \t\t\r\n\t<div id=\"ngg-image-522\" class=\"ngg-gallery-thumbnail-box\"  >\r\n\t\t<div class=\"ngg-gallery-thumbnail\" >\r\n\t\t\t<a href=\"https:\/\/www.gemesipreparator.hu\/files\/emlosok_fej_amerika\/img_0281.jpg\" title=\" \" rel='gallery_[set_11]' >\r\n\t\t\t\t\t\t\t\t<img loading=\"lazy\" decoding=\"async\" title=\"img_0281\" alt=\"img_0281\" src=\"https:\/\/www.gemesipreparator.hu\/files\/emlosok_fej_amerika\/thumbs\/thumbs_img_0281.jpg\" width=\"120\" height=\"90\" \/>\r\n\t\t\t\t\t\t\t<\/a>\r\n\t\t<\/div>\r\n\t<\/div>\r\n\t\r\n\t\t\r\n \t\t\r\n\t<div id=\"ngg-image-523\" class=\"ngg-gallery-thumbnail-box\"  >\r\n\t\t<div class=\"ngg-gallery-thumbnail\" >\r\n\t\t\t<a href=\"https:\/\/www.gemesipreparator.hu\/files\/emlosok_fej_amerika\/img_0282.jpg\" title=\" \" rel='gallery_[set_11]' >\r\n\t\t\t\t\t\t\t\t<img loading=\"lazy\" decoding=\"async\" title=\"img_0282\" alt=\"img_0282\" src=\"https:\/\/www.gemesipreparator.hu\/files\/emlosok_fej_amerika\/thumbs\/thumbs_img_0282.jpg\" width=\"120\" height=\"90\" \/>\r\n\t\t\t\t\t\t\t<\/a>\r\n\t\t<\/div>\r\n\t<\/div>\r\n\t\r\n\t\t\r\n \t\t\r\n\t<div id=\"ngg-image-524\" class=\"ngg-gallery-thumbnail-box\"  >\r\n\t\t<div class=\"ngg-gallery-thumbnail\" >\r\n\t\t\t<a href=\"https:\/\/www.gemesipreparator.hu\/files\/emlosok_fej_amerika\/img_0287.jpg\" title=\" \" rel='gallery_[set_11]' >\r\n\t\t\t\t\t\t\t\t<img loading=\"lazy\" decoding=\"async\" title=\"img_0287\" alt=\"img_0287\" src=\"https:\/\/www.gemesipreparator.hu\/files\/emlosok_fej_amerika\/thumbs\/thumbs_img_0287.jpg\" width=\"120\" height=\"90\" \/>\r\n\t\t\t\t\t\t\t<\/a>\r\n\t\t<\/div>\r\n\t<\/div>\r\n\t\r\n\t\t\r\n \t\t\r\n\t<div id=\"ngg-image-525\" class=\"ngg-gallery-thumbnail-box\"  >\r\n\t\t<div class=\"ngg-gallery-thumbnail\" >\r\n\t\t\t<a href=\"https:\/\/www.gemesipreparator.hu\/files\/emlosok_fej_amerika\/img_0296.jpg\" title=\" \" rel='gallery_[set_11]' >\r\n\t\t\t\t\t\t\t\t<img loading=\"lazy\" decoding=\"async\" title=\"img_0296\" alt=\"img_0296\" src=\"https:\/\/www.gemesipreparator.hu\/files\/emlosok_fej_amerika\/thumbs\/thumbs_img_0296.jpg\" width=\"120\" height=\"90\" \/>\r\n\t\t\t\t\t\t\t<\/a>\r\n\t\t<\/div>\r\n\t<\/div>\r\n\t\r\n\t\t\r\n \t \t\r\n\t<!-- Pagination -->\r\n \t<div class=\"ngg-clear\"><\/div> \t\r\n<\/div>\r\n\r\n\n","protected":false},"excerpt":{"rendered":"","protected":false},"author":1,"featured_media":431,"parent":298,"menu_order":10,"comment_status":"open","ping_status":"closed","template":"","meta":{"footnotes":""},"class_list":["post-261","page","type-page","status-publish","has-post-thumbnail","hentry"],"yoast_head":"<!-- This site is optimized with the Yoast SEO plugin v27.5 - https:\/\/yoast.com\/product\/yoast-seo-wordpress\/ -->\n<title>prepar\u00e1tor \u00bb eml\u0151s, mad\u00e1r, h\u00fcll\u0151 \u00bb G\u00e9mesi Tam\u00e1s<\/title>\n<meta name=\"description\" content=\"Prepar\u00e1l\u00e1si palett\u00e1m rendk\u00edv\u00fcl gazdag \u00e9s v\u00e1ltozatos: a hazai \u00e9s az afrikai tr\u00f3fe\u00e1kon, h\u00fcll\u0151k\u00f6n \u00e1t az egyedi technol\u00f3gi\u00e1val k\u00e9sz\u00fclt tr\u00f3feam\u00e1solatokig terjed.\" \/>\n<meta name=\"robots\" content=\"index, follow, max-snippet:-1, max-image-preview:large, max-video-preview:-1\" \/>\n<link rel=\"canonical\" href=\"https:\/\/www.gemesipreparator.hu\/galeriak\/emlosok\/fej-preparatumok\/amerika\/\" \/>\n<meta property=\"og:locale\" content=\"de_DE\" \/>\n<meta property=\"og:type\" content=\"article\" \/>\n<meta property=\"og:title\" content=\"prepar\u00e1tor \u00bb eml\u0151s, mad\u00e1r, h\u00fcll\u0151 \u00bb G\u00e9mesi Tam\u00e1s\" \/>\n<meta property=\"og:description\" content=\"Prepar\u00e1l\u00e1si palett\u00e1m rendk\u00edv\u00fcl gazdag \u00e9s v\u00e1ltozatos: a hazai \u00e9s az afrikai tr\u00f3fe\u00e1kon, h\u00fcll\u0151k\u00f6n \u00e1t az egyedi technol\u00f3gi\u00e1val k\u00e9sz\u00fclt tr\u00f3feam\u00e1solatokig terjed.\" \/>\n<meta property=\"og:url\" content=\"https:\/\/www.gemesipreparator.hu\/galeriak\/emlosok\/fej-preparatumok\/amerika\/\" \/>\n<meta property=\"og:site_name\" content=\"G\u00e9mesi Tam\u00e1s prepar\u00e1tor\" \/>\n<meta property=\"og:image\" content=\"https:\/\/www.gemesipreparator.hu\/files\/fej-amerika.jpg\" \/>\n\t<meta property=\"og:image:width\" content=\"900\" \/>\n\t<meta property=\"og:image:height\" content=\"600\" \/>\n\t<meta property=\"og:image:type\" content=\"image\/jpeg\" \/>\n<script type=\"application\/ld+json\" class=\"yoast-schema-graph\">{\"@context\":\"https:\\\/\\\/schema.org\",\"@graph\":[{\"@type\":\"WebPage\",\"@id\":\"https:\\\/\\\/www.gemesipreparator.hu\\\/galeriak\\\/emlosok\\\/fej-preparatumok\\\/amerika\\\/\",\"url\":\"https:\\\/\\\/www.gemesipreparator.hu\\\/galeriak\\\/emlosok\\\/fej-preparatumok\\\/amerika\\\/\",\"name\":\"prepar\u00e1tor \u00bb eml\u0151s, mad\u00e1r, h\u00fcll\u0151 \u00bb G\u00e9mesi Tam\u00e1s\",\"isPartOf\":{\"@id\":\"https:\\\/\\\/www.gemesipreparator.hu\\\/#website\"},\"primaryImageOfPage\":{\"@id\":\"https:\\\/\\\/www.gemesipreparator.hu\\\/galeriak\\\/emlosok\\\/fej-preparatumok\\\/amerika\\\/#primaryimage\"},\"image\":{\"@id\":\"https:\\\/\\\/www.gemesipreparator.hu\\\/galeriak\\\/emlosok\\\/fej-preparatumok\\\/amerika\\\/#primaryimage\"},\"thumbnailUrl\":\"https:\\\/\\\/www.gemesipreparator.hu\\\/files\\\/fej-amerika.jpg\",\"datePublished\":\"2013-12-23T16:57:21+00:00\",\"description\":\"Prepar\u00e1l\u00e1si palett\u00e1m rendk\u00edv\u00fcl gazdag \u00e9s v\u00e1ltozatos: a hazai \u00e9s az afrikai tr\u00f3fe\u00e1kon, h\u00fcll\u0151k\u00f6n \u00e1t az egyedi technol\u00f3gi\u00e1val k\u00e9sz\u00fclt tr\u00f3feam\u00e1solatokig terjed.\",\"breadcrumb\":{\"@id\":\"https:\\\/\\\/www.gemesipreparator.hu\\\/galeriak\\\/emlosok\\\/fej-preparatumok\\\/amerika\\\/#breadcrumb\"},\"inLanguage\":\"de\",\"potentialAction\":[{\"@type\":\"ReadAction\",\"target\":[\"https:\\\/\\\/www.gemesipreparator.hu\\\/galeriak\\\/emlosok\\\/fej-preparatumok\\\/amerika\\\/\"]}]},{\"@type\":\"ImageObject\",\"inLanguage\":\"de\",\"@id\":\"https:\\\/\\\/www.gemesipreparator.hu\\\/galeriak\\\/emlosok\\\/fej-preparatumok\\\/amerika\\\/#primaryimage\",\"url\":\"https:\\\/\\\/www.gemesipreparator.hu\\\/files\\\/fej-amerika.jpg\",\"contentUrl\":\"https:\\\/\\\/www.gemesipreparator.hu\\\/files\\\/fej-amerika.jpg\",\"width\":\"900\",\"height\":\"600\"},{\"@type\":\"BreadcrumbList\",\"@id\":\"https:\\\/\\\/www.gemesipreparator.hu\\\/galeriak\\\/emlosok\\\/fej-preparatumok\\\/amerika\\\/#breadcrumb\",\"itemListElement\":[{\"@type\":\"ListItem\",\"position\":1,\"name\":\"Kezd\u0151lap\",\"item\":\"https:\\\/\\\/www.gemesipreparator.hu\\\/de\\\/\"},{\"@type\":\"ListItem\",\"position\":2,\"name\":\"Galerie\",\"item\":\"https:\\\/\\\/www.gemesipreparator.hu\\\/galeriak\\\/\"},{\"@type\":\"ListItem\",\"position\":3,\"name\":\"S\u00e4uger\",\"item\":\"https:\\\/\\\/www.gemesipreparator.hu\\\/galeriak\\\/emlosok\\\/\"},{\"@type\":\"ListItem\",\"position\":4,\"name\":\"Kopf\",\"item\":\"https:\\\/\\\/www.gemesipreparator.hu\\\/galeriak\\\/emlosok\\\/fej-preparatumok\\\/\"},{\"@type\":\"ListItem\",\"position\":5,\"name\":\"Amerika\"}]},{\"@type\":\"WebSite\",\"@id\":\"https:\\\/\\\/www.gemesipreparator.hu\\\/#website\",\"url\":\"https:\\\/\\\/www.gemesipreparator.hu\\\/\",\"name\":\"G\u00e9mesi Tam\u00e1s prepar\u00e1tor\",\"description\":\"Term\u00e9szetes form\u00e1k, min\u0151s\u00e9gi munka...\",\"potentialAction\":[{\"@type\":\"SearchAction\",\"target\":{\"@type\":\"EntryPoint\",\"urlTemplate\":\"https:\\\/\\\/www.gemesipreparator.hu\\\/?s={search_term_string}\"},\"query-input\":{\"@type\":\"PropertyValueSpecification\",\"valueRequired\":true,\"valueName\":\"search_term_string\"}}],\"inLanguage\":\"de\"}]}<\/script>\n<!-- \/ Yoast SEO plugin. -->","yoast_head_json":{"title":"prepar\u00e1tor \u00bb eml\u0151s, mad\u00e1r, h\u00fcll\u0151 \u00bb G\u00e9mesi Tam\u00e1s","description":"Prepar\u00e1l\u00e1si palett\u00e1m rendk\u00edv\u00fcl gazdag \u00e9s v\u00e1ltozatos: a hazai \u00e9s az afrikai tr\u00f3fe\u00e1kon, h\u00fcll\u0151k\u00f6n \u00e1t az egyedi technol\u00f3gi\u00e1val k\u00e9sz\u00fclt tr\u00f3feam\u00e1solatokig terjed.","robots":{"index":"index","follow":"follow","max-snippet":"max-snippet:-1","max-image-preview":"max-image-preview:large","max-video-preview":"max-video-preview:-1"},"canonical":"https:\/\/www.gemesipreparator.hu\/galeriak\/emlosok\/fej-preparatumok\/amerika\/","og_locale":"de_DE","og_type":"article","og_title":"prepar\u00e1tor \u00bb eml\u0151s, mad\u00e1r, h\u00fcll\u0151 \u00bb G\u00e9mesi Tam\u00e1s","og_description":"Prepar\u00e1l\u00e1si palett\u00e1m rendk\u00edv\u00fcl gazdag \u00e9s v\u00e1ltozatos: a hazai \u00e9s az afrikai tr\u00f3fe\u00e1kon, h\u00fcll\u0151k\u00f6n \u00e1t az egyedi technol\u00f3gi\u00e1val k\u00e9sz\u00fclt tr\u00f3feam\u00e1solatokig terjed.","og_url":"https:\/\/www.gemesipreparator.hu\/galeriak\/emlosok\/fej-preparatumok\/amerika\/","og_site_name":"G\u00e9mesi Tam\u00e1s prepar\u00e1tor","og_image":[{"width":900,"height":600,"url":"https:\/\/www.gemesipreparator.hu\/files\/fej-amerika.jpg","type":"image\/jpeg"}],"schema":{"@context":"https:\/\/schema.org","@graph":[{"@type":"WebPage","@id":"https:\/\/www.gemesipreparator.hu\/galeriak\/emlosok\/fej-preparatumok\/amerika\/","url":"https:\/\/www.gemesipreparator.hu\/galeriak\/emlosok\/fej-preparatumok\/amerika\/","name":"prepar\u00e1tor \u00bb eml\u0151s, mad\u00e1r, h\u00fcll\u0151 \u00bb G\u00e9mesi Tam\u00e1s","isPartOf":{"@id":"https:\/\/www.gemesipreparator.hu\/#website"},"primaryImageOfPage":{"@id":"https:\/\/www.gemesipreparator.hu\/galeriak\/emlosok\/fej-preparatumok\/amerika\/#primaryimage"},"image":{"@id":"https:\/\/www.gemesipreparator.hu\/galeriak\/emlosok\/fej-preparatumok\/amerika\/#primaryimage"},"thumbnailUrl":"https:\/\/www.gemesipreparator.hu\/files\/fej-amerika.jpg","datePublished":"2013-12-23T16:57:21+00:00","description":"Prepar\u00e1l\u00e1si palett\u00e1m rendk\u00edv\u00fcl gazdag \u00e9s v\u00e1ltozatos: a hazai \u00e9s az afrikai tr\u00f3fe\u00e1kon, h\u00fcll\u0151k\u00f6n \u00e1t az egyedi technol\u00f3gi\u00e1val k\u00e9sz\u00fclt tr\u00f3feam\u00e1solatokig terjed.","breadcrumb":{"@id":"https:\/\/www.gemesipreparator.hu\/galeriak\/emlosok\/fej-preparatumok\/amerika\/#breadcrumb"},"inLanguage":"de","potentialAction":[{"@type":"ReadAction","target":["https:\/\/www.gemesipreparator.hu\/galeriak\/emlosok\/fej-preparatumok\/amerika\/"]}]},{"@type":"ImageObject","inLanguage":"de","@id":"https:\/\/www.gemesipreparator.hu\/galeriak\/emlosok\/fej-preparatumok\/amerika\/#primaryimage","url":"https:\/\/www.gemesipreparator.hu\/files\/fej-amerika.jpg","contentUrl":"https:\/\/www.gemesipreparator.hu\/files\/fej-amerika.jpg","width":"900","height":"600"},{"@type":"BreadcrumbList","@id":"https:\/\/www.gemesipreparator.hu\/galeriak\/emlosok\/fej-preparatumok\/amerika\/#breadcrumb","itemListElement":[{"@type":"ListItem","position":1,"name":"Kezd\u0151lap","item":"https:\/\/www.gemesipreparator.hu\/de\/"},{"@type":"ListItem","position":2,"name":"Galerie","item":"https:\/\/www.gemesipreparator.hu\/galeriak\/"},{"@type":"ListItem","position":3,"name":"S\u00e4uger","item":"https:\/\/www.gemesipreparator.hu\/galeriak\/emlosok\/"},{"@type":"ListItem","position":4,"name":"Kopf","item":"https:\/\/www.gemesipreparator.hu\/galeriak\/emlosok\/fej-preparatumok\/"},{"@type":"ListItem","position":5,"name":"Amerika"}]},{"@type":"WebSite","@id":"https:\/\/www.gemesipreparator.hu\/#website","url":"https:\/\/www.gemesipreparator.hu\/","name":"G\u00e9mesi Tam\u00e1s prepar\u00e1tor","description":"Term\u00e9szetes form\u00e1k, min\u0151s\u00e9gi munka...","potentialAction":[{"@type":"SearchAction","target":{"@type":"EntryPoint","urlTemplate":"https:\/\/www.gemesipreparator.hu\/?s={search_term_string}"},"query-input":{"@type":"PropertyValueSpecification","valueRequired":true,"valueName":"search_term_string"}}],"inLanguage":"de"}]}},"_links":{"self":[{"href":"https:\/\/www.gemesipreparator.hu\/de\/wp-json\/wp\/v2\/pages\/261","targetHints":{"allow":["GET"]}}],"collection":[{"href":"https:\/\/www.gemesipreparator.hu\/de\/wp-json\/wp\/v2\/pages"}],"about":[{"href":"https:\/\/www.gemesipreparator.hu\/de\/wp-json\/wp\/v2\/types\/page"}],"author":[{"embeddable":true,"href":"https:\/\/www.gemesipreparator.hu\/de\/wp-json\/wp\/v2\/users\/1"}],"replies":[{"embeddable":true,"href":"https:\/\/www.gemesipreparator.hu\/de\/wp-json\/wp\/v2\/comments?post=261"}],"version-history":[{"count":0,"href":"https:\/\/www.gemesipreparator.hu\/de\/wp-json\/wp\/v2\/pages\/261\/revisions"}],"up":[{"embeddable":true,"href":"https:\/\/www.gemesipreparator.hu\/de\/wp-json\/wp\/v2\/pages\/298"}],"wp:featuredmedia":[{"embeddable":true,"href":"https:\/\/www.gemesipreparator.hu\/de\/wp-json\/wp\/v2\/media\/431"}],"wp:attachment":[{"href":"https:\/\/www.gemesipreparator.hu\/de\/wp-json\/wp\/v2\/media?parent=261"}],"curies":[{"name":"wp","href":"https:\/\/api.w.org\/{rel}","templated":true}]}}