{"id":217,"date":"2013-12-23T17:13:41","date_gmt":"2013-12-23T16:13:41","guid":{"rendered":"http:\/\/www.gemesipreparator.hu\/?page_id=217"},"modified":"2014-02-14T11:19:43","modified_gmt":"2014-02-14T10:19:43","slug":"leder","status":"publish","type":"page","link":"https:\/\/www.gemesipreparator.hu\/de\/galerie\/leder\/","title":{"rendered":"Leder"},"content":{"rendered":"\r\n<div class=\"ngg-galleryoverview\" id=\"ngg-gallery-6-217\">\r\n\r\n\r\n\t\r\n\t<!-- Thumbnails -->\r\n\t\t\r\n\t<div id=\"ngg-image-380\" class=\"ngg-gallery-thumbnail-box\"  >\r\n\t\t<div class=\"ngg-gallery-thumbnail\" >\r\n\t\t\t<a href=\"https:\/\/www.gemesipreparator.hu\/files\/borok\/image_06.jpg\" title=\" \" rel='gallery_[set_6]' >\r\n\t\t\t\t\t\t\t\t<img loading=\"lazy\" decoding=\"async\" title=\"image_06\" alt=\"image_06\" src=\"https:\/\/www.gemesipreparator.hu\/files\/borok\/thumbs\/thumbs_image_06.jpg\" width=\"120\" height=\"90\" \/>\r\n\t\t\t\t\t\t\t<\/a>\r\n\t\t<\/div>\r\n\t<\/div>\r\n\t\r\n\t\t\r\n \t\t\r\n\t<div id=\"ngg-image-374\" class=\"ngg-gallery-thumbnail-box\"  >\r\n\t\t<div class=\"ngg-gallery-thumbnail\" >\r\n\t\t\t<a href=\"https:\/\/www.gemesipreparator.hu\/files\/borok\/87-1274180152ehzn.jpg\" title=\" \" rel='gallery_[set_6]' >\r\n\t\t\t\t\t\t\t\t<img loading=\"lazy\" decoding=\"async\" title=\"87-1274180152ehzn\" alt=\"87-1274180152ehzn\" src=\"https:\/\/www.gemesipreparator.hu\/files\/borok\/thumbs\/thumbs_87-1274180152ehzn.jpg\" width=\"120\" height=\"90\" \/>\r\n\t\t\t\t\t\t\t<\/a>\r\n\t\t<\/div>\r\n\t<\/div>\r\n\t\r\n\t\t\r\n \t\t\r\n\t<div id=\"ngg-image-381\" class=\"ngg-gallery-thumbnail-box\"  >\r\n\t\t<div class=\"ngg-gallery-thumbnail\" >\r\n\t\t\t<a href=\"https:\/\/www.gemesipreparator.hu\/files\/borok\/image_07.jpg\" title=\" \" rel='gallery_[set_6]' >\r\n\t\t\t\t\t\t\t\t<img loading=\"lazy\" decoding=\"async\" title=\"image_07\" alt=\"image_07\" src=\"https:\/\/www.gemesipreparator.hu\/files\/borok\/thumbs\/thumbs_image_07.jpg\" width=\"120\" height=\"90\" \/>\r\n\t\t\t\t\t\t\t<\/a>\r\n\t\t<\/div>\r\n\t<\/div>\r\n\t\r\n\t\t\r\n \t\t\r\n\t<div id=\"ngg-image-382\" class=\"ngg-gallery-thumbnail-box\"  >\r\n\t\t<div class=\"ngg-gallery-thumbnail\" >\r\n\t\t\t<a href=\"https:\/\/www.gemesipreparator.hu\/files\/borok\/image_09.jpg\" title=\" \" rel='gallery_[set_6]' >\r\n\t\t\t\t\t\t\t\t<img loading=\"lazy\" decoding=\"async\" title=\"image_09\" alt=\"image_09\" src=\"https:\/\/www.gemesipreparator.hu\/files\/borok\/thumbs\/thumbs_image_09.jpg\" width=\"120\" height=\"90\" \/>\r\n\t\t\t\t\t\t\t<\/a>\r\n\t\t<\/div>\r\n\t<\/div>\r\n\t\r\n\t\t\r\n \t\t\r\n\t<div id=\"ngg-image-383\" class=\"ngg-gallery-thumbnail-box\"  >\r\n\t\t<div class=\"ngg-gallery-thumbnail\" >\r\n\t\t\t<a href=\"https:\/\/www.gemesipreparator.hu\/files\/borok\/image_10.jpg\" title=\" \" rel='gallery_[set_6]' >\r\n\t\t\t\t\t\t\t\t<img loading=\"lazy\" decoding=\"async\" title=\"image_10\" alt=\"image_10\" src=\"https:\/\/www.gemesipreparator.hu\/files\/borok\/thumbs\/thumbs_image_10.jpg\" width=\"120\" height=\"90\" \/>\r\n\t\t\t\t\t\t\t<\/a>\r\n\t\t<\/div>\r\n\t<\/div>\r\n\t\r\n\t\t\r\n \t\t\r\n\t<div id=\"ngg-image-384\" class=\"ngg-gallery-thumbnail-box\"  >\r\n\t\t<div class=\"ngg-gallery-thumbnail\" >\r\n\t\t\t<a href=\"https:\/\/www.gemesipreparator.hu\/files\/borok\/image_11.jpg\" title=\" \" rel='gallery_[set_6]' >\r\n\t\t\t\t\t\t\t\t<img loading=\"lazy\" decoding=\"async\" title=\"image_11\" alt=\"image_11\" src=\"https:\/\/www.gemesipreparator.hu\/files\/borok\/thumbs\/thumbs_image_11.jpg\" width=\"120\" height=\"90\" \/>\r\n\t\t\t\t\t\t\t<\/a>\r\n\t\t<\/div>\r\n\t<\/div>\r\n\t\r\n\t\t\r\n \t\t\r\n\t<div id=\"ngg-image-385\" class=\"ngg-gallery-thumbnail-box\"  >\r\n\t\t<div class=\"ngg-gallery-thumbnail\" >\r\n\t\t\t<a href=\"https:\/\/www.gemesipreparator.hu\/files\/borok\/image_12.jpg\" title=\" \" rel='gallery_[set_6]' >\r\n\t\t\t\t\t\t\t\t<img loading=\"lazy\" decoding=\"async\" title=\"image_12\" alt=\"image_12\" src=\"https:\/\/www.gemesipreparator.hu\/files\/borok\/thumbs\/thumbs_image_12.jpg\" width=\"120\" height=\"90\" \/>\r\n\t\t\t\t\t\t\t<\/a>\r\n\t\t<\/div>\r\n\t<\/div>\r\n\t\r\n\t\t\r\n \t\t\r\n\t<div id=\"ngg-image-386\" class=\"ngg-gallery-thumbnail-box\"  >\r\n\t\t<div class=\"ngg-gallery-thumbnail\" >\r\n\t\t\t<a href=\"https:\/\/www.gemesipreparator.hu\/files\/borok\/image_14.jpg\" title=\" \" rel='gallery_[set_6]' >\r\n\t\t\t\t\t\t\t\t<img loading=\"lazy\" decoding=\"async\" title=\"image_14\" alt=\"image_14\" src=\"https:\/\/www.gemesipreparator.hu\/files\/borok\/thumbs\/thumbs_image_14.jpg\" width=\"120\" height=\"90\" \/>\r\n\t\t\t\t\t\t\t<\/a>\r\n\t\t<\/div>\r\n\t<\/div>\r\n\t\r\n\t\t\r\n \t\t\r\n\t<div id=\"ngg-image-387\" class=\"ngg-gallery-thumbnail-box\"  >\r\n\t\t<div class=\"ngg-gallery-thumbnail\" >\r\n\t\t\t<a href=\"https:\/\/www.gemesipreparator.hu\/files\/borok\/image_15.jpg\" title=\" \" rel='gallery_[set_6]' >\r\n\t\t\t\t\t\t\t\t<img loading=\"lazy\" decoding=\"async\" title=\"image_15\" alt=\"image_15\" src=\"https:\/\/www.gemesipreparator.hu\/files\/borok\/thumbs\/thumbs_image_15.jpg\" width=\"120\" height=\"90\" \/>\r\n\t\t\t\t\t\t\t<\/a>\r\n\t\t<\/div>\r\n\t<\/div>\r\n\t\r\n\t\t\r\n \t\t\r\n\t<div id=\"ngg-image-388\" class=\"ngg-gallery-thumbnail-box\"  >\r\n\t\t<div class=\"ngg-gallery-thumbnail\" >\r\n\t\t\t<a href=\"https:\/\/www.gemesipreparator.hu\/files\/borok\/image_17.jpg\" title=\" \" rel='gallery_[set_6]' >\r\n\t\t\t\t\t\t\t\t<img loading=\"lazy\" decoding=\"async\" title=\"image_17\" alt=\"image_17\" src=\"https:\/\/www.gemesipreparator.hu\/files\/borok\/thumbs\/thumbs_image_17.jpg\" width=\"120\" height=\"90\" \/>\r\n\t\t\t\t\t\t\t<\/a>\r\n\t\t<\/div>\r\n\t<\/div>\r\n\t\r\n\t\t\r\n \t\t\r\n\t<div id=\"ngg-image-389\" class=\"ngg-gallery-thumbnail-box\"  >\r\n\t\t<div class=\"ngg-gallery-thumbnail\" >\r\n\t\t\t<a href=\"https:\/\/www.gemesipreparator.hu\/files\/borok\/image_18.jpg\" title=\" \" rel='gallery_[set_6]' >\r\n\t\t\t\t\t\t\t\t<img loading=\"lazy\" decoding=\"async\" title=\"image_18\" alt=\"image_18\" src=\"https:\/\/www.gemesipreparator.hu\/files\/borok\/thumbs\/thumbs_image_18.jpg\" width=\"120\" height=\"90\" \/>\r\n\t\t\t\t\t\t\t<\/a>\r\n\t\t<\/div>\r\n\t<\/div>\r\n\t\r\n\t\t\r\n \t\t\r\n\t<div id=\"ngg-image-390\" class=\"ngg-gallery-thumbnail-box\"  >\r\n\t\t<div class=\"ngg-gallery-thumbnail\" >\r\n\t\t\t<a href=\"https:\/\/www.gemesipreparator.hu\/files\/borok\/image_19.jpg\" title=\" \" rel='gallery_[set_6]' >\r\n\t\t\t\t\t\t\t\t<img loading=\"lazy\" decoding=\"async\" title=\"image_19\" alt=\"image_19\" src=\"https:\/\/www.gemesipreparator.hu\/files\/borok\/thumbs\/thumbs_image_19.jpg\" width=\"120\" height=\"90\" \/>\r\n\t\t\t\t\t\t\t<\/a>\r\n\t\t<\/div>\r\n\t<\/div>\r\n\t\r\n\t\t\r\n \t\t\r\n\t<div id=\"ngg-image-391\" class=\"ngg-gallery-thumbnail-box\"  >\r\n\t\t<div class=\"ngg-gallery-thumbnail\" >\r\n\t\t\t<a href=\"https:\/\/www.gemesipreparator.hu\/files\/borok\/image_20.jpg\" title=\" \" rel='gallery_[set_6]' >\r\n\t\t\t\t\t\t\t\t<img loading=\"lazy\" decoding=\"async\" title=\"image_20\" alt=\"image_20\" src=\"https:\/\/www.gemesipreparator.hu\/files\/borok\/thumbs\/thumbs_image_20.jpg\" width=\"120\" height=\"90\" \/>\r\n\t\t\t\t\t\t\t<\/a>\r\n\t\t<\/div>\r\n\t<\/div>\r\n\t\r\n\t\t\r\n \t\t\r\n\t<div id=\"ngg-image-392\" class=\"ngg-gallery-thumbnail-box\"  >\r\n\t\t<div class=\"ngg-gallery-thumbnail\" >\r\n\t\t\t<a href=\"https:\/\/www.gemesipreparator.hu\/files\/borok\/image_21.jpg\" title=\" \" rel='gallery_[set_6]' >\r\n\t\t\t\t\t\t\t\t<img loading=\"lazy\" decoding=\"async\" title=\"image_21\" alt=\"image_21\" src=\"https:\/\/www.gemesipreparator.hu\/files\/borok\/thumbs\/thumbs_image_21.jpg\" width=\"120\" height=\"90\" \/>\r\n\t\t\t\t\t\t\t<\/a>\r\n\t\t<\/div>\r\n\t<\/div>\r\n\t\r\n\t\t\r\n \t \t\r\n\t<!-- Pagination -->\r\n \t<div class=\"ngg-clear\"><\/div> \t\r\n<\/div>\r\n\r\n\n","protected":false},"excerpt":{"rendered":"","protected":false},"author":1,"featured_media":439,"parent":294,"menu_order":27,"comment_status":"open","ping_status":"closed","template":"","meta":{"footnotes":""},"class_list":["post-217","page","type-page","status-publish","has-post-thumbnail","hentry"],"yoast_head":"<!-- This site is optimized with the Yoast SEO plugin v26.7 - https:\/\/yoast.com\/wordpress\/plugins\/seo\/ -->\n<title>prepar\u00e1tor \u00bb eml\u0151s, mad\u00e1r, h\u00fcll\u0151 \u00bb G\u00e9mesi Tam\u00e1s<\/title>\n<meta name=\"description\" content=\"Prepar\u00e1l\u00e1si palett\u00e1m rendk\u00edv\u00fcl gazdag \u00e9s v\u00e1ltozatos: a hazai \u00e9s az afrikai tr\u00f3fe\u00e1kon, h\u00fcll\u0151k\u00f6n \u00e1t az egyedi technol\u00f3gi\u00e1val k\u00e9sz\u00fclt tr\u00f3feam\u00e1solatokig terjed.\" \/>\n<meta name=\"robots\" content=\"index, follow, max-snippet:-1, max-image-preview:large, max-video-preview:-1\" \/>\n<link rel=\"canonical\" href=\"https:\/\/www.gemesipreparator.hu\/galeriak\/borok\/\" \/>\n<meta property=\"og:locale\" content=\"de_DE\" \/>\n<meta property=\"og:type\" content=\"article\" \/>\n<meta property=\"og:title\" content=\"prepar\u00e1tor \u00bb eml\u0151s, mad\u00e1r, h\u00fcll\u0151 \u00bb G\u00e9mesi Tam\u00e1s\" \/>\n<meta property=\"og:description\" content=\"Prepar\u00e1l\u00e1si palett\u00e1m rendk\u00edv\u00fcl gazdag \u00e9s v\u00e1ltozatos: a hazai \u00e9s az afrikai tr\u00f3fe\u00e1kon, h\u00fcll\u0151k\u00f6n \u00e1t az egyedi technol\u00f3gi\u00e1val k\u00e9sz\u00fclt tr\u00f3feam\u00e1solatokig terjed.\" \/>\n<meta property=\"og:url\" content=\"https:\/\/www.gemesipreparator.hu\/galeriak\/borok\/\" \/>\n<meta property=\"og:site_name\" content=\"G\u00e9mesi Tam\u00e1s prepar\u00e1tor\" \/>\n<meta property=\"article:modified_time\" content=\"2014-02-14T10:19:43+00:00\" \/>\n<meta property=\"og:image\" content=\"https:\/\/www.gemesipreparator.hu\/files\/birkabor.jpg\" \/>\n\t<meta property=\"og:image:width\" content=\"1024\" \/>\n\t<meta property=\"og:image:height\" content=\"768\" \/>\n\t<meta property=\"og:image:type\" content=\"image\/jpeg\" \/>\n<script type=\"application\/ld+json\" class=\"yoast-schema-graph\">{\"@context\":\"https:\/\/schema.org\",\"@graph\":[{\"@type\":\"WebPage\",\"@id\":\"https:\/\/www.gemesipreparator.hu\/galeriak\/borok\/\",\"url\":\"https:\/\/www.gemesipreparator.hu\/galeriak\/borok\/\",\"name\":\"prepar\u00e1tor \u00bb eml\u0151s, mad\u00e1r, h\u00fcll\u0151 \u00bb G\u00e9mesi Tam\u00e1s\",\"isPartOf\":{\"@id\":\"https:\/\/www.gemesipreparator.hu\/#website\"},\"primaryImageOfPage\":{\"@id\":\"https:\/\/www.gemesipreparator.hu\/galeriak\/borok\/#primaryimage\"},\"image\":{\"@id\":\"https:\/\/www.gemesipreparator.hu\/galeriak\/borok\/#primaryimage\"},\"thumbnailUrl\":\"https:\/\/www.gemesipreparator.hu\/files\/birkabor.jpg\",\"datePublished\":\"2013-12-23T16:13:41+00:00\",\"dateModified\":\"2014-02-14T10:19:43+00:00\",\"description\":\"Prepar\u00e1l\u00e1si palett\u00e1m rendk\u00edv\u00fcl gazdag \u00e9s v\u00e1ltozatos: a hazai \u00e9s az afrikai tr\u00f3fe\u00e1kon, h\u00fcll\u0151k\u00f6n \u00e1t az egyedi technol\u00f3gi\u00e1val k\u00e9sz\u00fclt tr\u00f3feam\u00e1solatokig terjed.\",\"breadcrumb\":{\"@id\":\"https:\/\/www.gemesipreparator.hu\/galeriak\/borok\/#breadcrumb\"},\"inLanguage\":\"de\",\"potentialAction\":[{\"@type\":\"ReadAction\",\"target\":[\"https:\/\/www.gemesipreparator.hu\/galeriak\/borok\/\"]}]},{\"@type\":\"ImageObject\",\"inLanguage\":\"de\",\"@id\":\"https:\/\/www.gemesipreparator.hu\/galeriak\/borok\/#primaryimage\",\"url\":\"https:\/\/www.gemesipreparator.hu\/files\/birkabor.jpg\",\"contentUrl\":\"https:\/\/www.gemesipreparator.hu\/files\/birkabor.jpg\",\"width\":\"1024\",\"height\":\"768\"},{\"@type\":\"BreadcrumbList\",\"@id\":\"https:\/\/www.gemesipreparator.hu\/galeriak\/borok\/#breadcrumb\",\"itemListElement\":[{\"@type\":\"ListItem\",\"position\":1,\"name\":\"Kezd\u0151lap\",\"item\":\"https:\/\/www.gemesipreparator.hu\/de\/\"},{\"@type\":\"ListItem\",\"position\":2,\"name\":\"Galerie\",\"item\":\"https:\/\/www.gemesipreparator.hu\/galeriak\/\"},{\"@type\":\"ListItem\",\"position\":3,\"name\":\"Leder\"}]},{\"@type\":\"WebSite\",\"@id\":\"https:\/\/www.gemesipreparator.hu\/#website\",\"url\":\"https:\/\/www.gemesipreparator.hu\/\",\"name\":\"G\u00e9mesi Tam\u00e1s prepar\u00e1tor\",\"description\":\"Term\u00e9szetes form\u00e1k, min\u0151s\u00e9gi munka...\",\"potentialAction\":[{\"@type\":\"SearchAction\",\"target\":{\"@type\":\"EntryPoint\",\"urlTemplate\":\"https:\/\/www.gemesipreparator.hu\/?s={search_term_string}\"},\"query-input\":{\"@type\":\"PropertyValueSpecification\",\"valueRequired\":true,\"valueName\":\"search_term_string\"}}],\"inLanguage\":\"de\"}]}<\/script>\n<!-- \/ Yoast SEO plugin. -->","yoast_head_json":{"title":"prepar\u00e1tor \u00bb eml\u0151s, mad\u00e1r, h\u00fcll\u0151 \u00bb G\u00e9mesi Tam\u00e1s","description":"Prepar\u00e1l\u00e1si palett\u00e1m rendk\u00edv\u00fcl gazdag \u00e9s v\u00e1ltozatos: a hazai \u00e9s az afrikai tr\u00f3fe\u00e1kon, h\u00fcll\u0151k\u00f6n \u00e1t az egyedi technol\u00f3gi\u00e1val k\u00e9sz\u00fclt tr\u00f3feam\u00e1solatokig terjed.","robots":{"index":"index","follow":"follow","max-snippet":"max-snippet:-1","max-image-preview":"max-image-preview:large","max-video-preview":"max-video-preview:-1"},"canonical":"https:\/\/www.gemesipreparator.hu\/galeriak\/borok\/","og_locale":"de_DE","og_type":"article","og_title":"prepar\u00e1tor \u00bb eml\u0151s, mad\u00e1r, h\u00fcll\u0151 \u00bb G\u00e9mesi Tam\u00e1s","og_description":"Prepar\u00e1l\u00e1si palett\u00e1m rendk\u00edv\u00fcl gazdag \u00e9s v\u00e1ltozatos: a hazai \u00e9s az afrikai tr\u00f3fe\u00e1kon, h\u00fcll\u0151k\u00f6n \u00e1t az egyedi technol\u00f3gi\u00e1val k\u00e9sz\u00fclt tr\u00f3feam\u00e1solatokig terjed.","og_url":"https:\/\/www.gemesipreparator.hu\/galeriak\/borok\/","og_site_name":"G\u00e9mesi Tam\u00e1s prepar\u00e1tor","article_modified_time":"2014-02-14T10:19:43+00:00","og_image":[{"width":1024,"height":768,"url":"https:\/\/www.gemesipreparator.hu\/files\/birkabor.jpg","type":"image\/jpeg"}],"schema":{"@context":"https:\/\/schema.org","@graph":[{"@type":"WebPage","@id":"https:\/\/www.gemesipreparator.hu\/galeriak\/borok\/","url":"https:\/\/www.gemesipreparator.hu\/galeriak\/borok\/","name":"prepar\u00e1tor \u00bb eml\u0151s, mad\u00e1r, h\u00fcll\u0151 \u00bb G\u00e9mesi Tam\u00e1s","isPartOf":{"@id":"https:\/\/www.gemesipreparator.hu\/#website"},"primaryImageOfPage":{"@id":"https:\/\/www.gemesipreparator.hu\/galeriak\/borok\/#primaryimage"},"image":{"@id":"https:\/\/www.gemesipreparator.hu\/galeriak\/borok\/#primaryimage"},"thumbnailUrl":"https:\/\/www.gemesipreparator.hu\/files\/birkabor.jpg","datePublished":"2013-12-23T16:13:41+00:00","dateModified":"2014-02-14T10:19:43+00:00","description":"Prepar\u00e1l\u00e1si palett\u00e1m rendk\u00edv\u00fcl gazdag \u00e9s v\u00e1ltozatos: a hazai \u00e9s az afrikai tr\u00f3fe\u00e1kon, h\u00fcll\u0151k\u00f6n \u00e1t az egyedi technol\u00f3gi\u00e1val k\u00e9sz\u00fclt tr\u00f3feam\u00e1solatokig terjed.","breadcrumb":{"@id":"https:\/\/www.gemesipreparator.hu\/galeriak\/borok\/#breadcrumb"},"inLanguage":"de","potentialAction":[{"@type":"ReadAction","target":["https:\/\/www.gemesipreparator.hu\/galeriak\/borok\/"]}]},{"@type":"ImageObject","inLanguage":"de","@id":"https:\/\/www.gemesipreparator.hu\/galeriak\/borok\/#primaryimage","url":"https:\/\/www.gemesipreparator.hu\/files\/birkabor.jpg","contentUrl":"https:\/\/www.gemesipreparator.hu\/files\/birkabor.jpg","width":"1024","height":"768"},{"@type":"BreadcrumbList","@id":"https:\/\/www.gemesipreparator.hu\/galeriak\/borok\/#breadcrumb","itemListElement":[{"@type":"ListItem","position":1,"name":"Kezd\u0151lap","item":"https:\/\/www.gemesipreparator.hu\/de\/"},{"@type":"ListItem","position":2,"name":"Galerie","item":"https:\/\/www.gemesipreparator.hu\/galeriak\/"},{"@type":"ListItem","position":3,"name":"Leder"}]},{"@type":"WebSite","@id":"https:\/\/www.gemesipreparator.hu\/#website","url":"https:\/\/www.gemesipreparator.hu\/","name":"G\u00e9mesi Tam\u00e1s prepar\u00e1tor","description":"Term\u00e9szetes form\u00e1k, min\u0151s\u00e9gi munka...","potentialAction":[{"@type":"SearchAction","target":{"@type":"EntryPoint","urlTemplate":"https:\/\/www.gemesipreparator.hu\/?s={search_term_string}"},"query-input":{"@type":"PropertyValueSpecification","valueRequired":true,"valueName":"search_term_string"}}],"inLanguage":"de"}]}},"_links":{"self":[{"href":"https:\/\/www.gemesipreparator.hu\/de\/wp-json\/wp\/v2\/pages\/217","targetHints":{"allow":["GET"]}}],"collection":[{"href":"https:\/\/www.gemesipreparator.hu\/de\/wp-json\/wp\/v2\/pages"}],"about":[{"href":"https:\/\/www.gemesipreparator.hu\/de\/wp-json\/wp\/v2\/types\/page"}],"author":[{"embeddable":true,"href":"https:\/\/www.gemesipreparator.hu\/de\/wp-json\/wp\/v2\/users\/1"}],"replies":[{"embeddable":true,"href":"https:\/\/www.gemesipreparator.hu\/de\/wp-json\/wp\/v2\/comments?post=217"}],"version-history":[{"count":0,"href":"https:\/\/www.gemesipreparator.hu\/de\/wp-json\/wp\/v2\/pages\/217\/revisions"}],"up":[{"embeddable":true,"href":"https:\/\/www.gemesipreparator.hu\/de\/wp-json\/wp\/v2\/pages\/294"}],"wp:featuredmedia":[{"embeddable":true,"href":"https:\/\/www.gemesipreparator.hu\/de\/wp-json\/wp\/v2\/media\/439"}],"wp:attachment":[{"href":"https:\/\/www.gemesipreparator.hu\/de\/wp-json\/wp\/v2\/media?parent=217"}],"curies":[{"name":"wp","href":"https:\/\/api.w.org\/{rel}","templated":true}]}}