{"id":205,"date":"2013-12-20T16:20:13","date_gmt":"2013-12-20T15:20:13","guid":{"rendered":"http:\/\/www.gemesipreparator.hu\/?page_id=205"},"modified":"2014-02-12T16:38:01","modified_gmt":"2014-02-12T15:38:01","slug":"kontakt","status":"publish","type":"page","link":"https:\/\/www.gemesipreparator.hu\/de\/kontakt\/","title":{"rendered":"Kontakt"},"content":{"rendered":"\r\n    <div id=\"map\" style=\"width:758px;height:300px;\"><\/div>\r\n\t\r\n    \r\n\r\n    <script type=\"text\/javascript\">\r\n\r\n\t\tvar latlng = new google.maps.LatLng(46.450129, 17.008632);\r\n\t\tvar myOptions = {\r\n\t\t\tzoom: 15,\r\n\t\t\tcenter: latlng,\r\n\t\t\tscrollwheel: false,\r\n\t\t\tscaleControl: false,\r\n\t\t\tdisableDefaultUI: false,\r\n\t\t\tmapTypeId: google.maps.MapTypeId.ROADMAP\r\n\t\t};\r\n\t\tvar map = new google.maps.Map(document.getElementById(\"map\"),\r\n\t\tmyOptions);\r\n\t\tvar image = \"http:\/\/wp.creart.hu\/wp-content\/themes\/gemesipreparator\/images\/gmarker.png\";\r\n\t\t\t\tvar marker = new google.maps.Marker({\r\n\t\t\t\tmap: map, \r\n\t\t\t\ticon: image,\r\n\t\t\t\tposition: map.getCenter()\r\n\t\t\t});\r\n\t\t\t<\/script>\n<p><strong>Werkstatt:<\/strong> 8800 Nagykanizsa, Levente u. 20.<br \/>\n<strong>Telefon\/fax:<\/strong> (+36 93) 324 194 \u2022 Mobil: (+36 20) 927 3720, (+36 20) 586 1908<br \/>\n<strong>E-mail:<\/strong> <a href=\"mailto:gemesipreparator@gmail.com\">gemesipreparator@gmail.com<\/a> \u2022 <a href=\"mailto:gemesi.t@freemail.hu\">gemesi.t@freemail.hu<\/a><br \/>\n<strong>Web:<\/strong> <a href=\"https:\/\/www.gemesipreparator.hu\/\">www.gemesipreparator.hu<\/a> \u2022 <a href=\"http:\/\/www.gemesitaxidermy.com\">www.gemesitaxidermy.com<\/a><br \/>\n<strong>\u00d6ffnungszeit:<\/strong>\u00a0Mo-Fr: 7.00 \u2013 18.00 \u2022 Samstag: 7.00 \u2013 12.00<\/p>\n","protected":false},"excerpt":{"rendered":"<p>Werkstatt: 8800 Nagykanizsa, Levente u. 20. Telefon\/fax: (+36 93) 324 194 \u2022 Mobil: (+36 20) 927 3720, (+36 20) 586 1908 E-mail: gemesipreparator@gmail.com \u2022 gemesi.t@freemail.hu Web: www.gemesipreparator.hu \u2022 www.gemesitaxidermy.com \u00d6ffnungszeit:\u00a0Mo-Fr: 7.00 \u2013 18.00 \u2022 Samstag: 7.00 \u2013 12.00<\/p>\n","protected":false},"author":1,"featured_media":0,"parent":0,"menu_order":29,"comment_status":"closed","ping_status":"closed","template":"","meta":{"footnotes":""},"class_list":["post-205","page","type-page","status-publish","hentry"],"yoast_head":"<!-- This site is optimized with the Yoast SEO plugin v26.7 - https:\/\/yoast.com\/wordpress\/plugins\/seo\/ -->\n<title>Tam\u00e1s G\u00e9mesi Pr\u00e4parator \u00bb Pr\u00e4parat \u00bb Troph\u00e4e \u00bb Jagd | Kontakt<\/title>\n<meta name=\"description\" content=\"Mein Angebot ist enorm reich: von heimischen und afrikanischen Troph\u00e4en, Reptilien bis zu den Kopien der Troph\u00e4en, die mit Einzeltechnologie angefertigt sind.\" \/>\n<meta name=\"robots\" content=\"index, follow, max-snippet:-1, max-image-preview:large, max-video-preview:-1\" \/>\n<link rel=\"canonical\" href=\"https:\/\/www.gemesipreparator.hu\/de\/kontakt\/\" \/>\n<meta property=\"og:locale\" content=\"de_DE\" \/>\n<meta property=\"og:type\" content=\"article\" \/>\n<meta property=\"og:title\" content=\"Tam\u00e1s G\u00e9mesi Pr\u00e4parator \u00bb Pr\u00e4parat \u00bb Troph\u00e4e \u00bb Jagd | Kontakt\" \/>\n<meta property=\"og:description\" content=\"Mein Angebot ist enorm reich: von heimischen und afrikanischen Troph\u00e4en, Reptilien bis zu den Kopien der Troph\u00e4en, die mit Einzeltechnologie angefertigt sind.\" \/>\n<meta property=\"og:url\" content=\"https:\/\/www.gemesipreparator.hu\/de\/kontakt\/\" \/>\n<meta property=\"og:site_name\" content=\"G\u00e9mesi Tam\u00e1s prepar\u00e1tor\" \/>\n<meta property=\"article:modified_time\" content=\"2014-02-12T15:38:01+00:00\" \/>\n<script type=\"application\/ld+json\" class=\"yoast-schema-graph\">{\"@context\":\"https:\/\/schema.org\",\"@graph\":[{\"@type\":\"WebPage\",\"@id\":\"https:\/\/www.gemesipreparator.hu\/de\/kontakt\/\",\"url\":\"https:\/\/www.gemesipreparator.hu\/de\/kontakt\/\",\"name\":\"Tam\u00e1s G\u00e9mesi Pr\u00e4parator \u00bb Pr\u00e4parat \u00bb Troph\u00e4e \u00bb Jagd | Kontakt\",\"isPartOf\":{\"@id\":\"https:\/\/www.gemesipreparator.hu\/#website\"},\"datePublished\":\"2013-12-20T15:20:13+00:00\",\"dateModified\":\"2014-02-12T15:38:01+00:00\",\"description\":\"Mein Angebot ist enorm reich: von heimischen und afrikanischen Troph\u00e4en, Reptilien bis zu den Kopien der Troph\u00e4en, die mit Einzeltechnologie angefertigt sind.\",\"breadcrumb\":{\"@id\":\"https:\/\/www.gemesipreparator.hu\/de\/kontakt\/#breadcrumb\"},\"inLanguage\":\"de\",\"potentialAction\":[{\"@type\":\"ReadAction\",\"target\":[\"https:\/\/www.gemesipreparator.hu\/de\/kontakt\/\"]}]},{\"@type\":\"BreadcrumbList\",\"@id\":\"https:\/\/www.gemesipreparator.hu\/de\/kontakt\/#breadcrumb\",\"itemListElement\":[{\"@type\":\"ListItem\",\"position\":1,\"name\":\"Kezd\u0151lap\",\"item\":\"https:\/\/www.gemesipreparator.hu\/de\/\"},{\"@type\":\"ListItem\",\"position\":2,\"name\":\"Kontakt\"}]},{\"@type\":\"WebSite\",\"@id\":\"https:\/\/www.gemesipreparator.hu\/#website\",\"url\":\"https:\/\/www.gemesipreparator.hu\/\",\"name\":\"G\u00e9mesi Tam\u00e1s prepar\u00e1tor\",\"description\":\"Term\u00e9szetes form\u00e1k, min\u0151s\u00e9gi munka...\",\"potentialAction\":[{\"@type\":\"SearchAction\",\"target\":{\"@type\":\"EntryPoint\",\"urlTemplate\":\"https:\/\/www.gemesipreparator.hu\/?s={search_term_string}\"},\"query-input\":{\"@type\":\"PropertyValueSpecification\",\"valueRequired\":true,\"valueName\":\"search_term_string\"}}],\"inLanguage\":\"de\"}]}<\/script>\n<!-- \/ Yoast SEO plugin. -->","yoast_head_json":{"title":"Tam\u00e1s G\u00e9mesi Pr\u00e4parator \u00bb Pr\u00e4parat \u00bb Troph\u00e4e \u00bb Jagd | Kontakt","description":"Mein Angebot ist enorm reich: von heimischen und afrikanischen Troph\u00e4en, Reptilien bis zu den Kopien der Troph\u00e4en, die mit Einzeltechnologie angefertigt sind.","robots":{"index":"index","follow":"follow","max-snippet":"max-snippet:-1","max-image-preview":"max-image-preview:large","max-video-preview":"max-video-preview:-1"},"canonical":"https:\/\/www.gemesipreparator.hu\/de\/kontakt\/","og_locale":"de_DE","og_type":"article","og_title":"Tam\u00e1s G\u00e9mesi Pr\u00e4parator \u00bb Pr\u00e4parat \u00bb Troph\u00e4e \u00bb Jagd | Kontakt","og_description":"Mein Angebot ist enorm reich: von heimischen und afrikanischen Troph\u00e4en, Reptilien bis zu den Kopien der Troph\u00e4en, die mit Einzeltechnologie angefertigt sind.","og_url":"https:\/\/www.gemesipreparator.hu\/de\/kontakt\/","og_site_name":"G\u00e9mesi Tam\u00e1s prepar\u00e1tor","article_modified_time":"2014-02-12T15:38:01+00:00","schema":{"@context":"https:\/\/schema.org","@graph":[{"@type":"WebPage","@id":"https:\/\/www.gemesipreparator.hu\/de\/kontakt\/","url":"https:\/\/www.gemesipreparator.hu\/de\/kontakt\/","name":"Tam\u00e1s G\u00e9mesi Pr\u00e4parator \u00bb Pr\u00e4parat \u00bb Troph\u00e4e \u00bb Jagd | Kontakt","isPartOf":{"@id":"https:\/\/www.gemesipreparator.hu\/#website"},"datePublished":"2013-12-20T15:20:13+00:00","dateModified":"2014-02-12T15:38:01+00:00","description":"Mein Angebot ist enorm reich: von heimischen und afrikanischen Troph\u00e4en, Reptilien bis zu den Kopien der Troph\u00e4en, die mit Einzeltechnologie angefertigt sind.","breadcrumb":{"@id":"https:\/\/www.gemesipreparator.hu\/de\/kontakt\/#breadcrumb"},"inLanguage":"de","potentialAction":[{"@type":"ReadAction","target":["https:\/\/www.gemesipreparator.hu\/de\/kontakt\/"]}]},{"@type":"BreadcrumbList","@id":"https:\/\/www.gemesipreparator.hu\/de\/kontakt\/#breadcrumb","itemListElement":[{"@type":"ListItem","position":1,"name":"Kezd\u0151lap","item":"https:\/\/www.gemesipreparator.hu\/de\/"},{"@type":"ListItem","position":2,"name":"Kontakt"}]},{"@type":"WebSite","@id":"https:\/\/www.gemesipreparator.hu\/#website","url":"https:\/\/www.gemesipreparator.hu\/","name":"G\u00e9mesi Tam\u00e1s prepar\u00e1tor","description":"Term\u00e9szetes form\u00e1k, min\u0151s\u00e9gi munka...","potentialAction":[{"@type":"SearchAction","target":{"@type":"EntryPoint","urlTemplate":"https:\/\/www.gemesipreparator.hu\/?s={search_term_string}"},"query-input":{"@type":"PropertyValueSpecification","valueRequired":true,"valueName":"search_term_string"}}],"inLanguage":"de"}]}},"_links":{"self":[{"href":"https:\/\/www.gemesipreparator.hu\/de\/wp-json\/wp\/v2\/pages\/205","targetHints":{"allow":["GET"]}}],"collection":[{"href":"https:\/\/www.gemesipreparator.hu\/de\/wp-json\/wp\/v2\/pages"}],"about":[{"href":"https:\/\/www.gemesipreparator.hu\/de\/wp-json\/wp\/v2\/types\/page"}],"author":[{"embeddable":true,"href":"https:\/\/www.gemesipreparator.hu\/de\/wp-json\/wp\/v2\/users\/1"}],"replies":[{"embeddable":true,"href":"https:\/\/www.gemesipreparator.hu\/de\/wp-json\/wp\/v2\/comments?post=205"}],"version-history":[{"count":0,"href":"https:\/\/www.gemesipreparator.hu\/de\/wp-json\/wp\/v2\/pages\/205\/revisions"}],"wp:attachment":[{"href":"https:\/\/www.gemesipreparator.hu\/de\/wp-json\/wp\/v2\/media?parent=205"}],"curies":[{"name":"wp","href":"https:\/\/api.w.org\/{rel}","templated":true}]}}