{"id":201,"date":"2013-12-20T16:16:05","date_gmt":"2013-12-20T15:16:05","guid":{"rendered":"http:\/\/www.gemesipreparator.hu\/?page_id=201"},"modified":"2014-02-12T16:25:34","modified_gmt":"2014-02-12T15:25:34","slug":"vorstellung","status":"publish","type":"page","link":"https:\/\/www.gemesipreparator.hu\/de\/","title":{"rendered":"Vorstellung"},"content":{"rendered":"<p><a href=\"https:\/\/www.gemesipreparator.hu\/files\/gemesitamas.jpg\" rel='gallery_post'><img loading=\"lazy\" decoding=\"async\" class=\"alignleft size-thumbnail wp-image-53\" alt=\"\" src=\"https:\/\/www.gemesipreparator.hu\/files\/gemesitamas-150x150.jpg\" width=\"150\" height=\"150\" srcset=\"https:\/\/www.gemesipreparator.hu\/files\/gemesitamas-150x150.jpg 150w, https:\/\/www.gemesipreparator.hu\/files\/gemesitamas-300x300.jpg 300w, https:\/\/www.gemesipreparator.hu\/files\/gemesitamas.jpg 750w\" sizes=\"auto, (max-width: 150px) 100vw, 150px\" \/><\/a><\/p>\n<p>Ich bin Tam\u00e1s G\u00e9mesi, Tierpr\u00e4parator. Mehr als 20 Jahre arbeite ich in diesem Beruf, mein Unternehmen funktioniert seit 1997. Am Anfang\u00a0 lief diese Manufaktur mit wenigen Arbeitern an-dank meiner steigenden Kundschaft-f\u00fcr heute wurde gr\u00f6\u00dfere Werkstatt mit 12 st\u00e4ndigen Mitarbeitern. Im Jahre 2006 hat mein Betrieb mit einer 200m2 gro\u00dfen pr\u00e4parierenden Abteilung vergr\u00f6\u00dfert. Ich erwartegern meine alten und neuen Kunden in unserem Pr\u00e4sentation-und Verhandlungsraum.<\/p>\n<p>Ich entwickele meine berufliche Erfahrung st\u00e4ndig in den ausl\u00e4ndischen und heimischen Ausstellungen, meine Kollegen begleiten mich \u00a0immer hierher.Ich strenge mich an, in meiner Arbeit die besten ausl\u00e4ndischen Grundstoffe zu benutzen, deren Wiederverk\u00e4ufer bin ich auch. Ich verlange Pr\u00e4zisit\u00e4t auch von meinen Mitarbeitern.<\/p>\n<p>Mein Angebot ist enorm reich und abwechslungsreich: von heimischen und afrikanischen Troph\u00e4en, Reptilien bis zu den Kopien der Troph\u00e4en, die mit Einzeltechnologie angefertigt sind. Unser Unternehmen besch\u00e4ftigt sich auch mit dem Verkauf der Troph\u00e4en.Ich nehme mit meinen Klienten, Freunden ander Jagd sehr gern teil.<\/p>\n<p>Die Troph\u00e4en und zugerichtetes Pr\u00e4parat liefere ich unvergeltlich bzw. die angekommenen Troph\u00e4en \u00fcbernehme ich am besprochenen Ort. Ihre Bestellung empfange ich sowohl per E-mail als auch per Telefon. Ich schicke das fertiggemachte Produkt auch per Post.<\/p>\n<p>Ich warte auf Ihren Auftrag!<\/p>\n","protected":false},"excerpt":{"rendered":"<p>Ich bin Tam\u00e1s G\u00e9mesi, Tierpr\u00e4parator. Mehr als 20 Jahre arbeite ich in diesem Beruf, mein Unternehmen funktioniert seit 1997. Am Anfang\u00a0 lief diese Manufaktur mit wenigen Arbeitern an-dank meiner steigenden Kundschaft-f\u00fcr heute wurde gr\u00f6\u00dfere Werkstatt mit 12 st\u00e4ndigen Mitarbeitern. Im Jahre 2006 hat mein Betrieb mit einer 200m2 gro\u00dfen pr\u00e4parierenden Abteilung vergr\u00f6\u00dfert. Ich erwartegern meine [&hellip;]<\/p>\n","protected":false},"author":1,"featured_media":0,"parent":0,"menu_order":14,"comment_status":"open","ping_status":"closed","template":"","meta":{"footnotes":""},"class_list":["post-201","page","type-page","status-publish","hentry"],"yoast_head":"<!-- This site is optimized with the Yoast SEO plugin v27.5 - https:\/\/yoast.com\/product\/yoast-seo-wordpress\/ -->\n<title>Tam\u00e1s G\u00e9mesi Pr\u00e4parator \u00bb Pr\u00e4parat \u00bb Troph\u00e4e \u00bb Jagd<\/title>\n<meta name=\"description\" content=\"Mein Angebot ist enorm reich: von heimischen und afrikanischen Troph\u00e4en, Reptilien bis zu den Kopien der Troph\u00e4en, die mit Einzeltechnologie angefertigt sind\" \/>\n<meta name=\"robots\" content=\"index, follow, max-snippet:-1, max-image-preview:large, max-video-preview:-1\" \/>\n<link rel=\"canonical\" href=\"https:\/\/www.gemesipreparator.hu\/de\/\" \/>\n<meta property=\"og:locale\" content=\"de_DE\" \/>\n<meta property=\"og:type\" content=\"article\" \/>\n<meta property=\"og:title\" content=\"Tam\u00e1s G\u00e9mesi Pr\u00e4parator \u00bb Pr\u00e4parat \u00bb Troph\u00e4e \u00bb Jagd\" \/>\n<meta property=\"og:description\" content=\"Mein Angebot ist enorm reich: von heimischen und afrikanischen Troph\u00e4en, Reptilien bis zu den Kopien der Troph\u00e4en, die mit Einzeltechnologie angefertigt sind\" \/>\n<meta property=\"og:url\" content=\"https:\/\/www.gemesipreparator.hu\/de\/\" \/>\n<meta property=\"og:site_name\" content=\"G\u00e9mesi Tam\u00e1s prepar\u00e1tor\" \/>\n<meta property=\"article:modified_time\" content=\"2014-02-12T15:25:34+00:00\" \/>\n<meta property=\"og:image\" content=\"https:\/\/www.gemesipreparator.hu\/files\/gemesitamas-150x150.jpg\" \/>\n<meta name=\"twitter:label1\" content=\"Gesch\u00e4tzte Lesezeit\" \/>\n\t<meta name=\"twitter:data1\" content=\"1\u00a0Minute\" \/>\n<script type=\"application\/ld+json\" class=\"yoast-schema-graph\">{\"@context\":\"https:\\\/\\\/schema.org\",\"@graph\":[{\"@type\":\"WebPage\",\"@id\":\"https:\\\/\\\/www.gemesipreparator.hu\\\/de\\\/\",\"url\":\"https:\\\/\\\/www.gemesipreparator.hu\\\/de\\\/\",\"name\":\"Tam\u00e1s G\u00e9mesi Pr\u00e4parator \u00bb Pr\u00e4parat \u00bb Troph\u00e4e \u00bb Jagd\",\"isPartOf\":{\"@id\":\"https:\\\/\\\/www.gemesipreparator.hu\\\/#website\"},\"primaryImageOfPage\":{\"@id\":\"https:\\\/\\\/www.gemesipreparator.hu\\\/de\\\/#primaryimage\"},\"image\":{\"@id\":\"https:\\\/\\\/www.gemesipreparator.hu\\\/de\\\/#primaryimage\"},\"thumbnailUrl\":\"https:\\\/\\\/www.gemesipreparator.hu\\\/files\\\/gemesitamas-150x150.jpg\",\"datePublished\":\"2013-12-20T15:16:05+00:00\",\"dateModified\":\"2014-02-12T15:25:34+00:00\",\"description\":\"Mein Angebot ist enorm reich: von heimischen und afrikanischen Troph\u00e4en, Reptilien bis zu den Kopien der Troph\u00e4en, die mit Einzeltechnologie angefertigt sind\",\"breadcrumb\":{\"@id\":\"https:\\\/\\\/www.gemesipreparator.hu\\\/de\\\/#breadcrumb\"},\"inLanguage\":\"de\",\"potentialAction\":[{\"@type\":\"ReadAction\",\"target\":[\"https:\\\/\\\/www.gemesipreparator.hu\\\/de\\\/\"]}]},{\"@type\":\"ImageObject\",\"inLanguage\":\"de\",\"@id\":\"https:\\\/\\\/www.gemesipreparator.hu\\\/de\\\/#primaryimage\",\"url\":\"https:\\\/\\\/www.gemesipreparator.hu\\\/files\\\/gemesitamas-150x150.jpg\",\"contentUrl\":\"https:\\\/\\\/www.gemesipreparator.hu\\\/files\\\/gemesitamas-150x150.jpg\"},{\"@type\":\"BreadcrumbList\",\"@id\":\"https:\\\/\\\/www.gemesipreparator.hu\\\/de\\\/#breadcrumb\",\"itemListElement\":[{\"@type\":\"ListItem\",\"position\":1,\"name\":\"Kezd\u0151lap\",\"item\":\"https:\\\/\\\/www.gemesipreparator.hu\\\/de\\\/\"},{\"@type\":\"ListItem\",\"position\":2,\"name\":\"Vorstellung\"}]},{\"@type\":\"WebSite\",\"@id\":\"https:\\\/\\\/www.gemesipreparator.hu\\\/#website\",\"url\":\"https:\\\/\\\/www.gemesipreparator.hu\\\/\",\"name\":\"G\u00e9mesi Tam\u00e1s prepar\u00e1tor\",\"description\":\"Term\u00e9szetes form\u00e1k, min\u0151s\u00e9gi munka...\",\"potentialAction\":[{\"@type\":\"SearchAction\",\"target\":{\"@type\":\"EntryPoint\",\"urlTemplate\":\"https:\\\/\\\/www.gemesipreparator.hu\\\/?s={search_term_string}\"},\"query-input\":{\"@type\":\"PropertyValueSpecification\",\"valueRequired\":true,\"valueName\":\"search_term_string\"}}],\"inLanguage\":\"de\"}]}<\/script>\n<!-- \/ Yoast SEO plugin. -->","yoast_head_json":{"title":"Tam\u00e1s G\u00e9mesi Pr\u00e4parator \u00bb Pr\u00e4parat \u00bb Troph\u00e4e \u00bb Jagd","description":"Mein Angebot ist enorm reich: von heimischen und afrikanischen Troph\u00e4en, Reptilien bis zu den Kopien der Troph\u00e4en, die mit Einzeltechnologie angefertigt sind","robots":{"index":"index","follow":"follow","max-snippet":"max-snippet:-1","max-image-preview":"max-image-preview:large","max-video-preview":"max-video-preview:-1"},"canonical":"https:\/\/www.gemesipreparator.hu\/de\/","og_locale":"de_DE","og_type":"article","og_title":"Tam\u00e1s G\u00e9mesi Pr\u00e4parator \u00bb Pr\u00e4parat \u00bb Troph\u00e4e \u00bb Jagd","og_description":"Mein Angebot ist enorm reich: von heimischen und afrikanischen Troph\u00e4en, Reptilien bis zu den Kopien der Troph\u00e4en, die mit Einzeltechnologie angefertigt sind","og_url":"https:\/\/www.gemesipreparator.hu\/de\/","og_site_name":"G\u00e9mesi Tam\u00e1s prepar\u00e1tor","article_modified_time":"2014-02-12T15:25:34+00:00","og_image":[{"url":"https:\/\/www.gemesipreparator.hu\/files\/gemesitamas-150x150.jpg","type":"","width":"","height":""}],"twitter_misc":{"Gesch\u00e4tzte Lesezeit":"1\u00a0Minute"},"schema":{"@context":"https:\/\/schema.org","@graph":[{"@type":"WebPage","@id":"https:\/\/www.gemesipreparator.hu\/de\/","url":"https:\/\/www.gemesipreparator.hu\/de\/","name":"Tam\u00e1s G\u00e9mesi Pr\u00e4parator \u00bb Pr\u00e4parat \u00bb Troph\u00e4e \u00bb Jagd","isPartOf":{"@id":"https:\/\/www.gemesipreparator.hu\/#website"},"primaryImageOfPage":{"@id":"https:\/\/www.gemesipreparator.hu\/de\/#primaryimage"},"image":{"@id":"https:\/\/www.gemesipreparator.hu\/de\/#primaryimage"},"thumbnailUrl":"https:\/\/www.gemesipreparator.hu\/files\/gemesitamas-150x150.jpg","datePublished":"2013-12-20T15:16:05+00:00","dateModified":"2014-02-12T15:25:34+00:00","description":"Mein Angebot ist enorm reich: von heimischen und afrikanischen Troph\u00e4en, Reptilien bis zu den Kopien der Troph\u00e4en, die mit Einzeltechnologie angefertigt sind","breadcrumb":{"@id":"https:\/\/www.gemesipreparator.hu\/de\/#breadcrumb"},"inLanguage":"de","potentialAction":[{"@type":"ReadAction","target":["https:\/\/www.gemesipreparator.hu\/de\/"]}]},{"@type":"ImageObject","inLanguage":"de","@id":"https:\/\/www.gemesipreparator.hu\/de\/#primaryimage","url":"https:\/\/www.gemesipreparator.hu\/files\/gemesitamas-150x150.jpg","contentUrl":"https:\/\/www.gemesipreparator.hu\/files\/gemesitamas-150x150.jpg"},{"@type":"BreadcrumbList","@id":"https:\/\/www.gemesipreparator.hu\/de\/#breadcrumb","itemListElement":[{"@type":"ListItem","position":1,"name":"Kezd\u0151lap","item":"https:\/\/www.gemesipreparator.hu\/de\/"},{"@type":"ListItem","position":2,"name":"Vorstellung"}]},{"@type":"WebSite","@id":"https:\/\/www.gemesipreparator.hu\/#website","url":"https:\/\/www.gemesipreparator.hu\/","name":"G\u00e9mesi Tam\u00e1s prepar\u00e1tor","description":"Term\u00e9szetes form\u00e1k, min\u0151s\u00e9gi munka...","potentialAction":[{"@type":"SearchAction","target":{"@type":"EntryPoint","urlTemplate":"https:\/\/www.gemesipreparator.hu\/?s={search_term_string}"},"query-input":{"@type":"PropertyValueSpecification","valueRequired":true,"valueName":"search_term_string"}}],"inLanguage":"de"}]}},"_links":{"self":[{"href":"https:\/\/www.gemesipreparator.hu\/de\/wp-json\/wp\/v2\/pages\/201","targetHints":{"allow":["GET"]}}],"collection":[{"href":"https:\/\/www.gemesipreparator.hu\/de\/wp-json\/wp\/v2\/pages"}],"about":[{"href":"https:\/\/www.gemesipreparator.hu\/de\/wp-json\/wp\/v2\/types\/page"}],"author":[{"embeddable":true,"href":"https:\/\/www.gemesipreparator.hu\/de\/wp-json\/wp\/v2\/users\/1"}],"replies":[{"embeddable":true,"href":"https:\/\/www.gemesipreparator.hu\/de\/wp-json\/wp\/v2\/comments?post=201"}],"version-history":[{"count":0,"href":"https:\/\/www.gemesipreparator.hu\/de\/wp-json\/wp\/v2\/pages\/201\/revisions"}],"wp:attachment":[{"href":"https:\/\/www.gemesipreparator.hu\/de\/wp-json\/wp\/v2\/media?parent=201"}],"curies":[{"name":"wp","href":"https:\/\/api.w.org\/{rel}","templated":true}]}}